{"id":9935,"date":"2025-04-18T11:39:06","date_gmt":"2025-04-18T11:39:06","guid":{"rendered":"https:\/\/minavykort.com\/vykort\/?page_id=9935"},"modified":"2025-05-10T20:35:50","modified_gmt":"2025-05-10T20:35:50","slug":"broderna-ohlsens-orsa","status":"publish","type":"page","link":"https:\/\/minavykort.com\/vykort\/referensmaterial\/broderna-ohlsens-orsa\/","title":{"rendered":"Br\u00f6derna Ohls\u00e9ns &#8211; Orsa"},"content":{"rendered":"<p>&nbsp;<\/p>\n\n<table id=\"tablepress-10\" class=\"tablepress tablepress-id-10\">\n<thead>\n<tr class=\"row-1\">\n\t<th class=\"column-1\"><strong>Nummer<\/strong><\/th><th class=\"column-2\"><strong>Motiv<\/strong><\/th><th class=\"column-3\"><strong>Bild<\/strong><\/th><th class=\"column-4\"><strong>Kommentar<\/strong><\/th><th class=\"column-5\"><strong>Annat F\u00f6rlag<\/strong><\/th>\n<\/tr>\n<\/thead>\n<tbody class=\"row-striping row-hover\">\n<tr class=\"row-2\">\n\t<td class=\"column-1\">496<\/td><td class=\"column-2\">Orsa Kyrka, Exteri\u00f6r.<\/td><td class=\"column-3\"><a href=\"https:\/\/minavykort.com\/vykort\/wp-content\/uploads\/2025\/05\/ohlsens-496.jpg\"><img loading=\"lazy\" decoding=\"async\" src=\"https:\/\/minavykort.com\/vykort\/wp-content\/uploads\/2025\/05\/ohlsens-496-207x300.jpg\" alt=\"\" width=\"207\" height=\"300\" class=\"alignnone size-medium wp-image-11036\" srcset=\"https:\/\/minavykort.com\/vykort\/wp-content\/uploads\/2025\/05\/ohlsens-496-207x300.jpg 207w, https:\/\/minavykort.com\/vykort\/wp-content\/uploads\/2025\/05\/ohlsens-496-706x1024.jpg 706w, https:\/\/minavykort.com\/vykort\/wp-content\/uploads\/2025\/05\/ohlsens-496-768x1115.jpg 768w, https:\/\/minavykort.com\/vykort\/wp-content\/uploads\/2025\/05\/ohlsens-496.jpg 802w\" sizes=\"auto, (max-width: 207px) 100vw, 207px\" \/><\/a><\/td><td class=\"column-4\"><\/td><td class=\"column-5\"><\/td>\n<\/tr>\n<tr class=\"row-3\">\n\t<td class=\"column-1\">545<\/td><td class=\"column-2\">Orsa Kyrka, Exteri\u00f6r.<\/td><td class=\"column-3\"><a href=\"https:\/\/minavykort.com\/vykort\/wp-content\/uploads\/2025\/05\/ohlsens-545.jpg\"><img loading=\"lazy\" decoding=\"async\" src=\"https:\/\/minavykort.com\/vykort\/wp-content\/uploads\/2025\/05\/ohlsens-545-217x300.jpg\" alt=\"\" width=\"217\" height=\"300\" class=\"alignnone size-medium wp-image-11037\" srcset=\"https:\/\/minavykort.com\/vykort\/wp-content\/uploads\/2025\/05\/ohlsens-545-217x300.jpg 217w, https:\/\/minavykort.com\/vykort\/wp-content\/uploads\/2025\/05\/ohlsens-545-740x1024.jpg 740w, https:\/\/minavykort.com\/vykort\/wp-content\/uploads\/2025\/05\/ohlsens-545-768x1063.jpg 768w, https:\/\/minavykort.com\/vykort\/wp-content\/uploads\/2025\/05\/ohlsens-545.jpg 829w\" sizes=\"auto, (max-width: 217px) 100vw, 217px\" \/><\/a><\/td><td class=\"column-4\"><\/td><td class=\"column-5\"><\/td>\n<\/tr>\n<tr class=\"row-4\">\n\t<td class=\"column-1\">612<\/td><td class=\"column-2\">Altarsk\u00e5p i Skattunge kyrka.<\/td><td class=\"column-3\"><img loading=\"lazy\" decoding=\"async\" src=\"https:\/\/minavykort.com\/vykort\/wp-content\/uploads\/2025\/04\/ohlsens-612-300x211.jpg\" alt=\"\" width=\"300\" height=\"211\" class=\"alignnone size-medium wp-image-9908\" srcset=\"https:\/\/minavykort.com\/vykort\/wp-content\/uploads\/2025\/04\/ohlsens-612-300x211.jpg 300w, https:\/\/minavykort.com\/vykort\/wp-content\/uploads\/2025\/04\/ohlsens-612-1024x720.jpg 1024w, https:\/\/minavykort.com\/vykort\/wp-content\/uploads\/2025\/04\/ohlsens-612-768x540.jpg 768w, https:\/\/minavykort.com\/vykort\/wp-content\/uploads\/2025\/04\/ohlsens-612.jpg 1157w\" sizes=\"auto, (max-width: 300px) 100vw, 300px\" \/><\/td><td class=\"column-4\">Nordtyskt eller flaml\u00e4ndskt fr\u00e5n 1400-talets f\u00f6rsta h\u00e4lft, i Skattunge kyrka sedan \u00e5r 1757.<\/td><td class=\"column-5\"><\/td>\n<\/tr>\n<tr class=\"row-5\">\n\t<td class=\"column-1\"><\/td><td class=\"column-2\"><\/td><td class=\"column-3\"><\/td><td class=\"column-4\"><\/td><td class=\"column-5\"><\/td>\n<\/tr>\n<\/tbody>\n<\/table>\n<!-- #tablepress-10 from cache -->\n<p><span class=\"relative -mx-px my-[-0.2rem] rounded px-px py-[0.2rem] transition-colors duration-100 ease-in-out\">Br\u00f6derna Ohls\u00e9ns Bokhandel och F\u00f6rlag var en betydande lokal akt\u00f6r i Orsa, Dalarna, under f\u00f6rsta h\u00e4lften av 1900-talet.<\/span> <span class=\"relative -mx-px my-[-0.2rem] rounded px-px py-[0.2rem] transition-colors duration-100 ease-in-out\">De var aktiva inom b\u00e5de bokutgivning och trycksaksproduktion och spelade en viktig roll i det lokala kulturlivet.<\/span><\/p>\n<p>F\u00f6rutom b\u00f6cker och trycksaker producerade Br\u00f6derna Ohls\u00e9ns \u00e4ven vykort med motiv fr\u00e5n Orsa och dess omgivningar.<\/p>\n","protected":false},"excerpt":{"rendered":"<p>&nbsp; Br\u00f6derna Ohls\u00e9ns Bokhandel och F\u00f6rlag var en betydande lokal akt\u00f6r i Orsa, Dalarna, under f\u00f6rsta h\u00e4lften av 1900-talet. De var aktiva inom b\u00e5de bokutgivning och trycksaksproduktion och spelade en viktig roll i det lokala kulturlivet. F\u00f6rutom b\u00f6cker och trycksaker producerade Br\u00f6derna Ohls\u00e9ns \u00e4ven vykort med motiv fr\u00e5n Orsa och dess omgivningar.<\/p>\n","protected":false},"author":1,"featured_media":0,"parent":9088,"menu_order":0,"comment_status":"closed","ping_status":"closed","template":"","meta":{"wikipediapreview_detectlinks":true,"site-container-style":"default","site-container-layout":"default","site-sidebar-layout":"default","site-transparent-header":"default","disable-article-header":"default","disable-site-header":"default","disable-site-footer":"default","disable-content-area-spacing":"default","ngg_post_thumbnail":0,"footnotes":""},"folder":[],"class_list":["post-9935","page","type-page","status-publish","hentry"],"_links":{"self":[{"href":"https:\/\/minavykort.com\/vykort\/wp-json\/wp\/v2\/pages\/9935","targetHints":{"allow":["GET"]}}],"collection":[{"href":"https:\/\/minavykort.com\/vykort\/wp-json\/wp\/v2\/pages"}],"about":[{"href":"https:\/\/minavykort.com\/vykort\/wp-json\/wp\/v2\/types\/page"}],"author":[{"embeddable":true,"href":"https:\/\/minavykort.com\/vykort\/wp-json\/wp\/v2\/users\/1"}],"replies":[{"embeddable":true,"href":"https:\/\/minavykort.com\/vykort\/wp-json\/wp\/v2\/comments?post=9935"}],"version-history":[{"count":3,"href":"https:\/\/minavykort.com\/vykort\/wp-json\/wp\/v2\/pages\/9935\/revisions"}],"predecessor-version":[{"id":11168,"href":"https:\/\/minavykort.com\/vykort\/wp-json\/wp\/v2\/pages\/9935\/revisions\/11168"}],"up":[{"embeddable":true,"href":"https:\/\/minavykort.com\/vykort\/wp-json\/wp\/v2\/pages\/9088"}],"wp:attachment":[{"href":"https:\/\/minavykort.com\/vykort\/wp-json\/wp\/v2\/media?parent=9935"}],"wp:term":[{"taxonomy":"folder","embeddable":true,"href":"https:\/\/minavykort.com\/vykort\/wp-json\/wp\/v2\/folder?post=9935"}],"curies":[{"name":"wp","href":"https:\/\/api.w.org\/{rel}","templated":true}]}}