{"id":9933,"date":"2025-04-18T11:38:14","date_gmt":"2025-04-18T11:38:14","guid":{"rendered":"https:\/\/minavykort.com\/vykort\/?page_id=9933"},"modified":"2025-05-10T20:53:09","modified_gmt":"2025-05-10T20:53:09","slug":"franks-forlag-helsingborg","status":"publish","type":"page","link":"https:\/\/minavykort.com\/vykort\/referensmaterial\/franks-forlag-helsingborg\/","title":{"rendered":"Franks F\u00f6rlag &#8211; Helsingborg"},"content":{"rendered":"<p>&nbsp;<\/p>\n\n<table id=\"tablepress-9\" class=\"tablepress tablepress-id-9\">\n<thead>\n<tr class=\"row-1\">\n\t<th class=\"column-1\"><strong>Nummer<\/strong><\/th><th class=\"column-2\"><strong>Motiv<\/strong><\/th><th class=\"column-3\"><strong>Bild<\/strong><\/th><th class=\"column-4\"><strong>Kommentar<\/strong><\/th><th class=\"column-5\"><strong>Annat F\u00f6rlag<\/strong><\/th>\n<\/tr>\n<\/thead>\n<tbody class=\"row-striping row-hover\">\n<tr class=\"row-2\">\n\t<td class=\"column-1\">0000 (Onumrerat)<\/td><td class=\"column-2\">L\u00f6nashult, Torne camping, Vislanda, flerbild 4<\/td><td class=\"column-3\"><a href=\"https:\/\/minavykort.com\/vykort\/wp-content\/uploads\/2025\/04\/franks-forlag-0000.jpg\"><img loading=\"lazy\" decoding=\"async\" src=\"https:\/\/minavykort.com\/vykort\/wp-content\/uploads\/2025\/04\/franks-forlag-0000-300x214.jpg\" alt=\"\" width=\"300\" height=\"214\" class=\"alignnone size-medium wp-image-10525\" srcset=\"https:\/\/minavykort.com\/vykort\/wp-content\/uploads\/2025\/04\/franks-forlag-0000-300x214.jpg 300w, https:\/\/minavykort.com\/vykort\/wp-content\/uploads\/2025\/04\/franks-forlag-0000-1024x731.jpg 1024w, https:\/\/minavykort.com\/vykort\/wp-content\/uploads\/2025\/04\/franks-forlag-0000-768x548.jpg 768w, https:\/\/minavykort.com\/vykort\/wp-content\/uploads\/2025\/04\/franks-forlag-0000.jpg 1154w\" sizes=\"auto, (max-width: 300px) 100vw, 300px\" \/><\/a><\/td><td class=\"column-4\"><\/td><td class=\"column-5\"><\/td>\n<\/tr>\n<tr class=\"row-3\">\n\t<td class=\"column-1\">533<\/td><td class=\"column-2\">Kronprinsessan Margaretas blomstergata.<\/td><td class=\"column-3\"><img loading=\"lazy\" decoding=\"async\" src=\"https:\/\/minavykort.com\/vykort\/wp-content\/uploads\/2025\/04\/franks-forlag-533-300x214.jpg\" alt=\"\" width=\"300\" height=\"214\" class=\"alignnone size-medium wp-image-9903\" srcset=\"https:\/\/minavykort.com\/vykort\/wp-content\/uploads\/2025\/04\/franks-forlag-533-300x214.jpg 300w, https:\/\/minavykort.com\/vykort\/wp-content\/uploads\/2025\/04\/franks-forlag-533-1024x730.jpg 1024w, https:\/\/minavykort.com\/vykort\/wp-content\/uploads\/2025\/04\/franks-forlag-533-768x547.jpg 768w, https:\/\/minavykort.com\/vykort\/wp-content\/uploads\/2025\/04\/franks-forlag-533.jpg 1144w\" sizes=\"auto, (max-width: 300px) 100vw, 300px\" \/><\/td><td class=\"column-4\"><\/td><td class=\"column-5\"><\/td>\n<\/tr>\n<tr class=\"row-4\">\n\t<td class=\"column-1\">614<\/td><td class=\"column-2\">Sofiero Slott och park, donation av Konung Gustaf VI Adolf 1973 till Helsingborgs Stad<\/td><td class=\"column-3\"><img loading=\"lazy\" decoding=\"async\" src=\"https:\/\/minavykort.com\/vykort\/wp-content\/uploads\/2025\/04\/franks-forlag-614-300x214.jpg\" alt=\"\" width=\"300\" height=\"214\" class=\"alignnone size-medium wp-image-9904\" srcset=\"https:\/\/minavykort.com\/vykort\/wp-content\/uploads\/2025\/04\/franks-forlag-614-300x214.jpg 300w, https:\/\/minavykort.com\/vykort\/wp-content\/uploads\/2025\/04\/franks-forlag-614-1024x730.jpg 1024w, https:\/\/minavykort.com\/vykort\/wp-content\/uploads\/2025\/04\/franks-forlag-614-768x547.jpg 768w, https:\/\/minavykort.com\/vykort\/wp-content\/uploads\/2025\/04\/franks-forlag-614.jpg 1149w\" sizes=\"auto, (max-width: 300px) 100vw, 300px\" \/><\/td><td class=\"column-4\"><\/td><td class=\"column-5\"><\/td>\n<\/tr>\n<\/tbody>\n<\/table>\n<!-- #tablepress-9 from cache -->\n<p>&nbsp;<\/p>\n<p><span class=\"relative -mx-px my-[-0.2rem] rounded px-px py-[0.2rem] transition-colors duration-100 ease-in-out\">Franks F\u00f6rlag i Helsingborg var ett svenskt f\u00f6rlag som var aktivt under 1900-talet och specialiserade sig p\u00e5 vykort och fotografiska trycksaker med motiv fr\u00e5n Sk\u00e5ne och framf\u00f6r allt Helsingborg.<\/span> <span class=\"relative -mx-px my-[-0.2rem] rounded px-px py-[0.2rem] transition-colors duration-100 ease-in-out\">F\u00f6rlaget var k\u00e4nt f\u00f6r sina detaljerade och ofta f\u00e4rggranna bilder som dokumenterade stadens arkitektur, parker och omgivningar.<\/span><\/p>\n<p>Idag \u00e4r Franks F\u00f6rlag inte l\u00e4ngre aktivt, men deras vykort och trycksaker lever vidare som en v\u00e4rdefull k\u00e4lla till historisk dokumentation av Helsingborg och dess omgivningar.<\/p>\n","protected":false},"excerpt":{"rendered":"<p>&nbsp; &nbsp; Franks F\u00f6rlag i Helsingborg var ett svenskt f\u00f6rlag som var aktivt under 1900-talet och specialiserade sig p\u00e5 vykort och fotografiska trycksaker med motiv fr\u00e5n Sk\u00e5ne och framf\u00f6r allt Helsingborg. F\u00f6rlaget var k\u00e4nt f\u00f6r sina detaljerade och ofta f\u00e4rggranna bilder som dokumenterade stadens arkitektur, parker och omgivningar. Idag \u00e4r Franks F\u00f6rlag inte l\u00e4ngre aktivt, [&hellip;]<\/p>\n","protected":false},"author":1,"featured_media":0,"parent":9088,"menu_order":0,"comment_status":"closed","ping_status":"closed","template":"","meta":{"wikipediapreview_detectlinks":true,"site-container-style":"default","site-container-layout":"default","site-sidebar-layout":"default","site-transparent-header":"default","disable-article-header":"default","disable-site-header":"default","disable-site-footer":"default","disable-content-area-spacing":"default","ngg_post_thumbnail":0,"footnotes":""},"folder":[],"class_list":["post-9933","page","type-page","status-publish","hentry"],"_links":{"self":[{"href":"https:\/\/minavykort.com\/vykort\/wp-json\/wp\/v2\/pages\/9933","targetHints":{"allow":["GET"]}}],"collection":[{"href":"https:\/\/minavykort.com\/vykort\/wp-json\/wp\/v2\/pages"}],"about":[{"href":"https:\/\/minavykort.com\/vykort\/wp-json\/wp\/v2\/types\/page"}],"author":[{"embeddable":true,"href":"https:\/\/minavykort.com\/vykort\/wp-json\/wp\/v2\/users\/1"}],"replies":[{"embeddable":true,"href":"https:\/\/minavykort.com\/vykort\/wp-json\/wp\/v2\/comments?post=9933"}],"version-history":[{"count":3,"href":"https:\/\/minavykort.com\/vykort\/wp-json\/wp\/v2\/pages\/9933\/revisions"}],"predecessor-version":[{"id":11177,"href":"https:\/\/minavykort.com\/vykort\/wp-json\/wp\/v2\/pages\/9933\/revisions\/11177"}],"up":[{"embeddable":true,"href":"https:\/\/minavykort.com\/vykort\/wp-json\/wp\/v2\/pages\/9088"}],"wp:attachment":[{"href":"https:\/\/minavykort.com\/vykort\/wp-json\/wp\/v2\/media?parent=9933"}],"wp:term":[{"taxonomy":"folder","embeddable":true,"href":"https:\/\/minavykort.com\/vykort\/wp-json\/wp\/v2\/folder?post=9933"}],"curies":[{"name":"wp","href":"https:\/\/api.w.org\/{rel}","templated":true}]}}