{"id":9929,"date":"2025-04-18T11:36:48","date_gmt":"2025-04-18T11:36:48","guid":{"rendered":"https:\/\/minavykort.com\/vykort\/?page_id=9929"},"modified":"2025-05-10T20:41:07","modified_gmt":"2025-05-10T20:41:07","slug":"dalafoto-orsa","status":"publish","type":"page","link":"https:\/\/minavykort.com\/vykort\/referensmaterial\/dalafoto-orsa\/","title":{"rendered":"Dalafoto &#8211; Orsa"},"content":{"rendered":"<p>&nbsp;<\/p>\n\n<table id=\"tablepress-8\" class=\"tablepress tablepress-id-8\">\n<thead>\n<tr class=\"row-1\">\n\t<th class=\"column-1\"><strong>Nummer<\/strong><\/th><th class=\"column-2\"><strong>Motiv<\/strong><\/th><th class=\"column-3\"><strong>Bild<\/strong><\/th><th class=\"column-4\"><strong>Kommentar<\/strong><\/th><th class=\"column-5\"><strong>Annat F\u00f6rlag<\/strong><\/th>\n<\/tr>\n<\/thead>\n<tbody class=\"row-striping row-hover\">\n<tr class=\"row-2\">\n\t<td class=\"column-1\"><\/td><td class=\"column-2\"><\/td><td class=\"column-3\"><\/td><td class=\"column-4\"><\/td><td class=\"column-5\"><\/td>\n<\/tr>\n<tr class=\"row-3\">\n\t<td class=\"column-1\">7\/RP73<\/td><td class=\"column-2\">Orsa, Dalarna. Skr\u00e4ddar-Djurberga f\u00e4bod.<\/td><td class=\"column-3\"><img loading=\"lazy\" decoding=\"async\" src=\"https:\/\/minavykort.com\/vykort\/wp-content\/uploads\/2025\/04\/dalafoto-7rp73-300x217.jpg\" alt=\"\" width=\"300\" height=\"217\" class=\"alignnone size-medium wp-image-9900\" srcset=\"https:\/\/minavykort.com\/vykort\/wp-content\/uploads\/2025\/04\/dalafoto-7rp73-300x217.jpg 300w, https:\/\/minavykort.com\/vykort\/wp-content\/uploads\/2025\/04\/dalafoto-7rp73-1024x742.jpg 1024w, https:\/\/minavykort.com\/vykort\/wp-content\/uploads\/2025\/04\/dalafoto-7rp73-768x557.jpg 768w, https:\/\/minavykort.com\/vykort\/wp-content\/uploads\/2025\/04\/dalafoto-7rp73.jpg 1130w\" sizes=\"auto, (max-width: 300px) 100vw, 300px\" \/><\/td><td class=\"column-4\"><\/td><td class=\"column-5\"><\/td>\n<\/tr>\n<tr class=\"row-4\">\n\t<td class=\"column-1\">8\/RP76<\/td><td class=\"column-2\">Orsa Kyrka, exteri\u00f6r.<\/td><td class=\"column-3\"><a href=\"https:\/\/minavykort.com\/vykort\/wp-content\/uploads\/2025\/05\/dalafoto-bn-1-r-p.jpg\"><img loading=\"lazy\" decoding=\"async\" src=\"https:\/\/minavykort.com\/vykort\/wp-content\/uploads\/2025\/05\/dalafoto-bn-1-r-p-300x220.jpg\" alt=\"\" width=\"300\" height=\"220\" class=\"alignnone size-medium wp-image-11032\" srcset=\"https:\/\/minavykort.com\/vykort\/wp-content\/uploads\/2025\/05\/dalafoto-bn-1-r-p-300x220.jpg 300w, https:\/\/minavykort.com\/vykort\/wp-content\/uploads\/2025\/05\/dalafoto-bn-1-r-p-1024x751.jpg 1024w, https:\/\/minavykort.com\/vykort\/wp-content\/uploads\/2025\/05\/dalafoto-bn-1-r-p-768x563.jpg 768w, https:\/\/minavykort.com\/vykort\/wp-content\/uploads\/2025\/05\/dalafoto-bn-1-r-p.jpg 1128w\" sizes=\"auto, (max-width: 300px) 100vw, 300px\" \/><\/a><\/td><td class=\"column-4\"><\/td><td class=\"column-5\"><\/td>\n<\/tr>\n<tr class=\"row-5\">\n\t<td class=\"column-1\">24\/RP3074<\/td><td class=\"column-2\">Skattungbyn, Dalarna. Skattunge kyrka, exteri\u00f6r<\/td><td class=\"column-3\"><img loading=\"lazy\" decoding=\"async\" src=\"https:\/\/minavykort.com\/vykort\/wp-content\/uploads\/2025\/04\/dalafoto-24rp3074-300x219.jpg\" alt=\"\" width=\"300\" height=\"219\" class=\"alignnone size-medium wp-image-9901\" srcset=\"https:\/\/minavykort.com\/vykort\/wp-content\/uploads\/2025\/04\/dalafoto-24rp3074-300x219.jpg 300w, https:\/\/minavykort.com\/vykort\/wp-content\/uploads\/2025\/04\/dalafoto-24rp3074-1024x747.jpg 1024w, https:\/\/minavykort.com\/vykort\/wp-content\/uploads\/2025\/04\/dalafoto-24rp3074-768x560.jpg 768w, https:\/\/minavykort.com\/vykort\/wp-content\/uploads\/2025\/04\/dalafoto-24rp3074.jpg 1128w\" sizes=\"auto, (max-width: 300px) 100vw, 300px\" \/><\/td><td class=\"column-4\"><\/td><td class=\"column-5\"><\/td>\n<\/tr>\n<tr class=\"row-6\">\n\t<td class=\"column-1\">1318<\/td><td class=\"column-2\">Pr\u00e4stholmens Campingplats, Mora, flerbild 3.<\/td><td class=\"column-3\"><a href=\"https:\/\/minavykort.com\/vykort\/wp-content\/uploads\/2025\/05\/dala-foto-1318.jpg\"><img loading=\"lazy\" decoding=\"async\" src=\"https:\/\/minavykort.com\/vykort\/wp-content\/uploads\/2025\/05\/dala-foto-1318-300x212.jpg\" alt=\"\" width=\"300\" height=\"212\" class=\"alignnone size-medium wp-image-11522\" srcset=\"https:\/\/minavykort.com\/vykort\/wp-content\/uploads\/2025\/05\/dala-foto-1318-300x212.jpg 300w, https:\/\/minavykort.com\/vykort\/wp-content\/uploads\/2025\/05\/dala-foto-1318-1024x722.jpg 1024w, https:\/\/minavykort.com\/vykort\/wp-content\/uploads\/2025\/05\/dala-foto-1318-768x542.jpg 768w, https:\/\/minavykort.com\/vykort\/wp-content\/uploads\/2025\/05\/dala-foto-1318.jpg 1141w\" sizes=\"auto, (max-width: 300px) 100vw, 300px\" \/><\/a><\/td><td class=\"column-4\"><\/td><td class=\"column-5\"><\/td>\n<\/tr>\n<tr class=\"row-7\">\n\t<td class=\"column-1\">BN 1\/R-P<\/td><td class=\"column-2\">Orsa Kyrka, interi\u00f6r.<\/td><td class=\"column-3\"><a href=\"https:\/\/minavykort.com\/vykort\/wp-content\/uploads\/2025\/05\/dalafoto-8-rp76.jpg\"><img loading=\"lazy\" decoding=\"async\" src=\"https:\/\/minavykort.com\/vykort\/wp-content\/uploads\/2025\/05\/dalafoto-8-rp76-300x219.jpg\" alt=\"\" width=\"300\" height=\"219\" class=\"alignnone size-medium wp-image-11033\" srcset=\"https:\/\/minavykort.com\/vykort\/wp-content\/uploads\/2025\/05\/dalafoto-8-rp76-300x219.jpg 300w, https:\/\/minavykort.com\/vykort\/wp-content\/uploads\/2025\/05\/dalafoto-8-rp76-1024x746.jpg 1024w, https:\/\/minavykort.com\/vykort\/wp-content\/uploads\/2025\/05\/dalafoto-8-rp76-768x560.jpg 768w, https:\/\/minavykort.com\/vykort\/wp-content\/uploads\/2025\/05\/dalafoto-8-rp76.jpg 1128w\" sizes=\"auto, (max-width: 300px) 100vw, 300px\" \/><\/a>Orsa Kyrka, interi\u00f6r.<\/td><td class=\"column-4\"><\/td><td class=\"column-5\"><\/td>\n<\/tr>\n<\/tbody>\n<\/table>\n<!-- #tablepress-8 from cache -->\n<p><span class=\"relative -mx-px my-[-0.2rem] rounded px-px py-[0.2rem] transition-colors duration-100 ease-in-out\">Dalafoto F\u00f6rlag var ett lokalt f\u00f6rlag och fotostudio baserat i Orsa, Dalarna, som var aktivt under andra halvan av 1900-talet.<\/span> <span class=\"relative -mx-px my-[-0.2rem] rounded px-px py-[0.2rem] transition-colors duration-100 ease-in-out\">F\u00f6rlaget \u00e4r fr\u00e4mst k\u00e4nt f\u00f6r sina vykort och fotografier med motiv fr\u00e5n Orsa och dess omgivningar, inklusive kyrkor, f\u00e4bodar och landskapsvyer.<\/span> <span class=\"relative -mx-px my-[-0.2rem] rounded px-px py-[0.2rem] transition-colors duration-100 ease-in-out\">Exempel p\u00e5 s\u00e5dana motiv \u00e4r Orsa kyrka, Skattunge kyrka och Skr\u00e4ddar-Djurberga f\u00e4bod.<\/span><\/p>\n<p>&nbsp;<\/p>\n","protected":false},"excerpt":{"rendered":"<p>&nbsp; Dalafoto F\u00f6rlag var ett lokalt f\u00f6rlag och fotostudio baserat i Orsa, Dalarna, som var aktivt under andra halvan av 1900-talet. F\u00f6rlaget \u00e4r fr\u00e4mst k\u00e4nt f\u00f6r sina vykort och fotografier med motiv fr\u00e5n Orsa och dess omgivningar, inklusive kyrkor, f\u00e4bodar och landskapsvyer. Exempel p\u00e5 s\u00e5dana motiv \u00e4r Orsa kyrka, Skattunge kyrka och Skr\u00e4ddar-Djurberga f\u00e4bod. &nbsp;<\/p>\n","protected":false},"author":1,"featured_media":0,"parent":9088,"menu_order":0,"comment_status":"closed","ping_status":"closed","template":"","meta":{"wikipediapreview_detectlinks":true,"site-container-style":"default","site-container-layout":"default","site-sidebar-layout":"default","site-transparent-header":"default","disable-article-header":"default","disable-site-header":"default","disable-site-footer":"default","disable-content-area-spacing":"default","ngg_post_thumbnail":0,"footnotes":""},"folder":[],"class_list":["post-9929","page","type-page","status-publish","hentry"],"_links":{"self":[{"href":"https:\/\/minavykort.com\/vykort\/wp-json\/wp\/v2\/pages\/9929","targetHints":{"allow":["GET"]}}],"collection":[{"href":"https:\/\/minavykort.com\/vykort\/wp-json\/wp\/v2\/pages"}],"about":[{"href":"https:\/\/minavykort.com\/vykort\/wp-json\/wp\/v2\/types\/page"}],"author":[{"embeddable":true,"href":"https:\/\/minavykort.com\/vykort\/wp-json\/wp\/v2\/users\/1"}],"replies":[{"embeddable":true,"href":"https:\/\/minavykort.com\/vykort\/wp-json\/wp\/v2\/comments?post=9929"}],"version-history":[{"count":2,"href":"https:\/\/minavykort.com\/vykort\/wp-json\/wp\/v2\/pages\/9929\/revisions"}],"predecessor-version":[{"id":11169,"href":"https:\/\/minavykort.com\/vykort\/wp-json\/wp\/v2\/pages\/9929\/revisions\/11169"}],"up":[{"embeddable":true,"href":"https:\/\/minavykort.com\/vykort\/wp-json\/wp\/v2\/pages\/9088"}],"wp:attachment":[{"href":"https:\/\/minavykort.com\/vykort\/wp-json\/wp\/v2\/media?parent=9929"}],"wp:term":[{"taxonomy":"folder","embeddable":true,"href":"https:\/\/minavykort.com\/vykort\/wp-json\/wp\/v2\/folder?post=9929"}],"curies":[{"name":"wp","href":"https:\/\/api.w.org\/{rel}","templated":true}]}}