{"id":9187,"date":"2025-04-11T21:30:44","date_gmt":"2025-04-11T21:30:44","guid":{"rendered":"https:\/\/minavykort.com\/vykort\/?page_id=9187"},"modified":"2025-05-10T21:48:08","modified_gmt":"2025-05-10T21:48:08","slug":"viperaforlaget-lysekil","status":"publish","type":"page","link":"https:\/\/minavykort.com\/vykort\/referensmaterial\/viperaforlaget-lysekil\/","title":{"rendered":"Viperaf\u00f6rlaget &#8211; Lysekil"},"content":{"rendered":"<p>En p\u00e5b\u00f6rjad f\u00f6rteckning \u00f6ver Viperaf\u00f6rlagets vykortsutgivning.<\/p>\n\n<table id=\"tablepress-3\" class=\"tablepress tablepress-id-3\">\n<thead>\n<tr class=\"row-1\">\n\t<th class=\"column-1\"><strong>Nummer<\/strong><\/th><th class=\"column-2\"><strong>Motiv<\/strong><\/th><th class=\"column-3\"><strong>Bild<\/strong><\/th><th class=\"column-4\"><strong>Kommentar<\/strong><\/th><th class=\"column-5\"><strong>Annat F\u00f6rlag<\/strong><\/th>\n<\/tr>\n<\/thead>\n<tbody class=\"row-striping row-hover\">\n<tr class=\"row-2\">\n\t<td class=\"column-1\">14-410<\/td><td class=\"column-2\">Lysekil: Halsning fr\u00e5n. Socitetssalongen \"Oscars\", kyrkan, stadsparken.<\/td><td class=\"column-3\"><a href=\"https:\/\/minavykort.com\/vykort\/vipera-14-410\/\" rel=\"attachment wp-att-9185\"><img loading=\"lazy\" decoding=\"async\" src=\"https:\/\/minavykort.com\/vykort\/wp-content\/uploads\/2025\/04\/vipera-14-410-300x214.jpg\" alt=\"\" width=\"300\" height=\"214\" class=\"alignnone size-medium wp-image-9185\" srcset=\"https:\/\/minavykort.com\/vykort\/wp-content\/uploads\/2025\/04\/vipera-14-410-300x214.jpg 300w, https:\/\/minavykort.com\/vykort\/wp-content\/uploads\/2025\/04\/vipera-14-410-1024x730.jpg 1024w, https:\/\/minavykort.com\/vykort\/wp-content\/uploads\/2025\/04\/vipera-14-410-768x548.jpg 768w, https:\/\/minavykort.com\/vykort\/wp-content\/uploads\/2025\/04\/vipera-14-410-1536x1095.jpg 1536w, https:\/\/minavykort.com\/vykort\/wp-content\/uploads\/2025\/04\/vipera-14-410-2048x1461.jpg 2048w\" sizes=\"auto, (max-width: 300px) 100vw, 300px\" \/><\/a><\/td><td class=\"column-4\"><\/td><td class=\"column-5\"><\/td>\n<\/tr>\n<tr class=\"row-3\">\n\t<td class=\"column-1\">14-412<\/td><td class=\"column-2\">Lysekil: H\u00e4lsning fr\u00e5n. Lysekils kyrka,stadsparken, gamlestan<\/td><td class=\"column-3\"><a href=\"https:\/\/minavykort.com\/vykort\/vipera-14-412\/\" rel=\"attachment wp-att-9183\"><img loading=\"lazy\" decoding=\"async\" src=\"https:\/\/minavykort.com\/vykort\/wp-content\/uploads\/2025\/04\/vipera-14-412-300x210.jpg\" alt=\"\" width=\"300\" height=\"210\" class=\"alignnone size-medium wp-image-9183\" srcset=\"https:\/\/minavykort.com\/vykort\/wp-content\/uploads\/2025\/04\/vipera-14-412-300x210.jpg 300w, https:\/\/minavykort.com\/vykort\/wp-content\/uploads\/2025\/04\/vipera-14-412-1024x718.jpg 1024w, https:\/\/minavykort.com\/vykort\/wp-content\/uploads\/2025\/04\/vipera-14-412-768x539.jpg 768w, https:\/\/minavykort.com\/vykort\/wp-content\/uploads\/2025\/04\/vipera-14-412-1536x1078.jpg 1536w, https:\/\/minavykort.com\/vykort\/wp-content\/uploads\/2025\/04\/vipera-14-412-2048x1437.jpg 2048w\" sizes=\"auto, (max-width: 300px) 100vw, 300px\" \/><\/a><\/td><td class=\"column-4\"><\/td><td class=\"column-5\"><\/td>\n<\/tr>\n<tr class=\"row-4\">\n\t<td class=\"column-1\">14-435<\/td><td class=\"column-2\">Grebbestad: Vy \u00f6ver. <\/td><td class=\"column-3\"><a href=\"https:\/\/minavykort.com\/vykort\/vipera-14-435\/\" rel=\"attachment wp-att-9375\"><img loading=\"lazy\" decoding=\"async\" src=\"https:\/\/minavykort.com\/vykort\/wp-content\/uploads\/2025\/04\/vipera-14-435-210x300.jpg\" alt=\"\" width=\"210\" height=\"300\" class=\"alignnone size-medium wp-image-9375\" srcset=\"https:\/\/minavykort.com\/vykort\/wp-content\/uploads\/2025\/04\/vipera-14-435-210x300.jpg 210w, https:\/\/minavykort.com\/vykort\/wp-content\/uploads\/2025\/04\/vipera-14-435-718x1024.jpg 718w, https:\/\/minavykort.com\/vykort\/wp-content\/uploads\/2025\/04\/vipera-14-435-768x1096.jpg 768w, https:\/\/minavykort.com\/vykort\/wp-content\/uploads\/2025\/04\/vipera-14-435-1077x1536.jpg 1077w, https:\/\/minavykort.com\/vykort\/wp-content\/uploads\/2025\/04\/vipera-14-435-1436x2048.jpg 1436w, https:\/\/minavykort.com\/vykort\/wp-content\/uploads\/2025\/04\/vipera-14-435-scaled.jpg 1794w\" sizes=\"auto, (max-width: 210px) 100vw, 210px\" \/><\/a><\/td><td class=\"column-4\"><\/td><td class=\"column-5\"><\/td>\n<\/tr>\n<tr class=\"row-5\">\n\t<td class=\"column-1\">14-446<\/td><td class=\"column-2\">Tremastskonare m\u00f6ter Galeas. Marinm\u00e5lning Gustaf Samuelsson<\/td><td class=\"column-3\"><a href=\"https:\/\/minavykort.com\/vykort\/vipera-14-446\/\" rel=\"attachment wp-att-9385\"><img loading=\"lazy\" decoding=\"async\" src=\"https:\/\/minavykort.com\/vykort\/wp-content\/uploads\/2025\/04\/vipera-14-446-300x212.jpg\" alt=\"\" width=\"300\" height=\"212\" class=\"alignnone size-medium wp-image-9385\" srcset=\"https:\/\/minavykort.com\/vykort\/wp-content\/uploads\/2025\/04\/vipera-14-446-300x212.jpg 300w, https:\/\/minavykort.com\/vykort\/wp-content\/uploads\/2025\/04\/vipera-14-446-1024x723.jpg 1024w, https:\/\/minavykort.com\/vykort\/wp-content\/uploads\/2025\/04\/vipera-14-446-768x542.jpg 768w, https:\/\/minavykort.com\/vykort\/wp-content\/uploads\/2025\/04\/vipera-14-446-1536x1084.jpg 1536w, https:\/\/minavykort.com\/vykort\/wp-content\/uploads\/2025\/04\/vipera-14-446.jpg 1728w\" sizes=\"auto, (max-width: 300px) 100vw, 300px\" \/><\/a><\/td><td class=\"column-4\"><\/td><td class=\"column-5\"><\/td>\n<\/tr>\n<tr class=\"row-6\">\n\t<td class=\"column-1\">14-450<\/td><td class=\"column-2\">H\u00e4lsning fr\u00e5n V\u00e4stkusten. Marinm\u00e5lning av Gustav Samuelsson<\/td><td class=\"column-3\"><a href=\"https:\/\/minavykort.com\/vykort\/vipera-14-450\/\" rel=\"attachment wp-att-9180\"><img loading=\"lazy\" decoding=\"async\" src=\"https:\/\/minavykort.com\/vykort\/wp-content\/uploads\/2025\/04\/vipera-14-450-207x300.jpg\" alt=\"\" width=\"207\" height=\"300\" class=\"alignnone size-medium wp-image-9180\" srcset=\"https:\/\/minavykort.com\/vykort\/wp-content\/uploads\/2025\/04\/vipera-14-450-207x300.jpg 207w, https:\/\/minavykort.com\/vykort\/wp-content\/uploads\/2025\/04\/vipera-14-450-705x1024.jpg 705w, https:\/\/minavykort.com\/vykort\/wp-content\/uploads\/2025\/04\/vipera-14-450-768x1115.jpg 768w, https:\/\/minavykort.com\/vykort\/wp-content\/uploads\/2025\/04\/vipera-14-450-1058x1536.jpg 1058w, https:\/\/minavykort.com\/vykort\/wp-content\/uploads\/2025\/04\/vipera-14-450-1411x2048.jpg 1411w, https:\/\/minavykort.com\/vykort\/wp-content\/uploads\/2025\/04\/vipera-14-450-scaled.jpg 1763w\" sizes=\"auto, (max-width: 207px) 100vw, 207px\" \/><\/a><\/td><td class=\"column-4\"><\/td><td class=\"column-5\"><\/td>\n<\/tr>\n<tr class=\"row-7\">\n\t<td class=\"column-1\">14-475<\/td><td class=\"column-2\">Koster\u00f6arna utanf\u00f6r Str\u00f6mstad<\/td><td class=\"column-3\"><a href=\"https:\/\/minavykort.com\/vykort\/vipera-14-475\/\" rel=\"attachment wp-att-9757\"><img loading=\"lazy\" decoding=\"async\" src=\"https:\/\/minavykort.com\/vykort\/wp-content\/uploads\/2025\/04\/vipera-14-475-300x217.jpg\" alt=\"\" width=\"300\" height=\"217\" class=\"alignnone size-medium wp-image-9757\" srcset=\"https:\/\/minavykort.com\/vykort\/wp-content\/uploads\/2025\/04\/vipera-14-475-300x217.jpg 300w, https:\/\/minavykort.com\/vykort\/wp-content\/uploads\/2025\/04\/vipera-14-475-1024x740.jpg 1024w, https:\/\/minavykort.com\/vykort\/wp-content\/uploads\/2025\/04\/vipera-14-475-768x555.jpg 768w, https:\/\/minavykort.com\/vykort\/wp-content\/uploads\/2025\/04\/vipera-14-475.jpg 1128w\" sizes=\"auto, (max-width: 300px) 100vw, 300px\" \/><\/a><\/td><td class=\"column-4\">H\u00e4r v\u00e4xer Kostertisteln<\/td><td class=\"column-5\"><\/td>\n<\/tr>\n<tr class=\"row-8\">\n\t<td class=\"column-1\">14-479<\/td><td class=\"column-2\">Mal\u00f6 Stugby och Camping<\/td><td class=\"column-3\"><a href=\"https:\/\/minavykort.com\/vykort\/wp-content\/uploads\/2025\/04\/vipera-14-479.jpg\"><img loading=\"lazy\" decoding=\"async\" src=\"https:\/\/minavykort.com\/vykort\/wp-content\/uploads\/2025\/04\/vipera-14-479-300x219.jpg\" alt=\"\" width=\"300\" height=\"219\" class=\"alignnone size-medium wp-image-10646\" srcset=\"https:\/\/minavykort.com\/vykort\/wp-content\/uploads\/2025\/04\/vipera-14-479-300x219.jpg 300w, https:\/\/minavykort.com\/vykort\/wp-content\/uploads\/2025\/04\/vipera-14-479-1024x747.jpg 1024w, https:\/\/minavykort.com\/vykort\/wp-content\/uploads\/2025\/04\/vipera-14-479-768x561.jpg 768w, https:\/\/minavykort.com\/vykort\/wp-content\/uploads\/2025\/04\/vipera-14-479.jpg 1122w\" sizes=\"auto, (max-width: 300px) 100vw, 300px\" \/><\/a><\/td><td class=\"column-4\"><\/td><td class=\"column-5\"><\/td>\n<\/tr>\n<tr class=\"row-9\">\n\t<td class=\"column-1\"><\/td><td class=\"column-2\"><\/td><td class=\"column-3\"><\/td><td class=\"column-4\"><\/td><td class=\"column-5\"><\/td>\n<\/tr>\n<\/tbody>\n<\/table>\n\n<p><span class=\"relative -mx-px my-[-0.2rem] rounded px-px py-[0.2rem] transition-colors duration-100 ease-in-out\">Viperaf\u00f6rlaget var ett svenskt f\u00f6rlag baserat i Lysekil, k\u00e4nt f\u00f6r sina vykort och fotografiska bilder fr\u00e5n V\u00e4stsverige.<\/span> <span class=\"relative -mx-px my-[-0.2rem] rounded px-px py-[0.2rem] transition-colors duration-100 ease-in-out\">Det var en del av den svenska traditionen av vykortsutgivning under 1900-talet.<\/span> <span class=\"relative -mx-px my-[-0.2rem] rounded px-px py-[0.2rem] transition-colors duration-100 ease-in-out\">F\u00f6rlaget producerade vykort som dokumenterade och skildrade svenska landskap, st\u00e4der och kultur, vilket var popul\u00e4rt b\u00e5de inom Sverige och internationellt.<\/span><\/p>\n","protected":false},"excerpt":{"rendered":"<p>En p\u00e5b\u00f6rjad f\u00f6rteckning \u00f6ver Viperaf\u00f6rlagets vykortsutgivning. Viperaf\u00f6rlaget var ett svenskt f\u00f6rlag baserat i Lysekil, k\u00e4nt f\u00f6r sina vykort och fotografiska bilder fr\u00e5n V\u00e4stsverige. Det var en del av den svenska traditionen av vykortsutgivning under 1900-talet. F\u00f6rlaget producerade vykort som dokumenterade och skildrade svenska landskap, st\u00e4der och kultur, vilket var popul\u00e4rt b\u00e5de inom Sverige och internationellt.<\/p>\n","protected":false},"author":1,"featured_media":0,"parent":9088,"menu_order":0,"comment_status":"closed","ping_status":"closed","template":"","meta":{"wikipediapreview_detectlinks":true,"site-container-style":"default","site-container-layout":"default","site-sidebar-layout":"default","site-transparent-header":"default","disable-article-header":"default","disable-site-header":"default","disable-site-footer":"default","disable-content-area-spacing":"default","ngg_post_thumbnail":0,"footnotes":""},"folder":[],"class_list":["post-9187","page","type-page","status-publish","hentry"],"_links":{"self":[{"href":"https:\/\/minavykort.com\/vykort\/wp-json\/wp\/v2\/pages\/9187","targetHints":{"allow":["GET"]}}],"collection":[{"href":"https:\/\/minavykort.com\/vykort\/wp-json\/wp\/v2\/pages"}],"about":[{"href":"https:\/\/minavykort.com\/vykort\/wp-json\/wp\/v2\/types\/page"}],"author":[{"embeddable":true,"href":"https:\/\/minavykort.com\/vykort\/wp-json\/wp\/v2\/users\/1"}],"replies":[{"embeddable":true,"href":"https:\/\/minavykort.com\/vykort\/wp-json\/wp\/v2\/comments?post=9187"}],"version-history":[{"count":3,"href":"https:\/\/minavykort.com\/vykort\/wp-json\/wp\/v2\/pages\/9187\/revisions"}],"predecessor-version":[{"id":11202,"href":"https:\/\/minavykort.com\/vykort\/wp-json\/wp\/v2\/pages\/9187\/revisions\/11202"}],"up":[{"embeddable":true,"href":"https:\/\/minavykort.com\/vykort\/wp-json\/wp\/v2\/pages\/9088"}],"wp:attachment":[{"href":"https:\/\/minavykort.com\/vykort\/wp-json\/wp\/v2\/media?parent=9187"}],"wp:term":[{"taxonomy":"folder","embeddable":true,"href":"https:\/\/minavykort.com\/vykort\/wp-json\/wp\/v2\/folder?post=9187"}],"curies":[{"name":"wp","href":"https:\/\/api.w.org\/{rel}","templated":true}]}}