{"id":9088,"date":"2025-04-10T17:42:30","date_gmt":"2025-04-10T17:42:30","guid":{"rendered":"https:\/\/minavykort.com\/vykort\/?page_id=9088"},"modified":"2025-10-30T21:41:07","modified_gmt":"2025-10-30T21:41:07","slug":"referensmaterial","status":"publish","type":"page","link":"https:\/\/minavykort.com\/vykort\/referensmaterial\/","title":{"rendered":"Referensmaterial"},"content":{"rendered":"<p>H\u00e4r finns referensmaterial till olika vykortsf\u00f6rlag\/utgivare.<br \/>\nEtt arbete som \u00e4r under st\u00e4ndig utveckling !<\/p>\n<p>I dagsl\u00e4get inneh\u00e5ller listorna i stort sett endast vykort som jag har i min samling.<\/p>\n<p>F\u00f6r n\u00e4rvarande finns f\u00f6ljande f\u00f6rlag representerade A &#8211; \u00d6:<\/p>\n<h3>Sverige:<\/h3>\n<ul>\n<li><a href=\"https:\/\/minavykort.com\/vykort\/referensmaterial\/broderna-ohlsens-orsa\/\">Br\u00f6derna Ohls\u00e9ns, Orsa.<\/a><\/li>\n<li><a href=\"https:\/\/minavykort.com\/vykort\/referensmaterial\/carlaforlaget\/\">Carlaf\u00f6rlaget, Lysekil<\/a><\/li>\n<li><a href=\"https:\/\/minavykort.com\/vykort\/referensmaterial\/color-ab-johanneshov\/\">Color AB, Johanneshov<\/a><\/li>\n<li><a href=\"https:\/\/minavykort.com\/vykort\/referensmaterial\/dalafoto-orsa\/\">Dalafoto, Orsa<\/a><\/li>\n<li><a href=\"https:\/\/minavykort.com\/vykort\/referensmaterial\/e-danielson-ab-genevad\/\">Danielson, E, AB, Genevad<\/a><\/li>\n<li><a href=\"https:\/\/minavykort.com\/vykort\/referensmaterial\/ecc-ab\/\">ECC AB<\/a><\/li>\n<li><a href=\"https:\/\/minavykort.com\/vykort\/referensmaterial\/ecclesia-ab\/\">Ecclesia AB<\/a><\/li>\n<li><a href=\"https:\/\/minavykort.com\/vykort\/referensmaterial\/ehrlings-vyer-stockholm\/\">Ehrlings Vyer, Stockholm<\/a><\/li>\n<li><a href=\"https:\/\/minavykort.com\/vykort\/referensmaterial\/franks-forlag-helsingborg\/\">Franks F\u00f6rlag, Helsingborg<\/a><\/li>\n<li><a href=\"https:\/\/minavykort.com\/vykort\/referensmaterial\/frosotornet\/\">Fr\u00f6s\u00f6tornet<\/a><\/li>\n<li><a href=\"https:\/\/minavykort.com\/vykort\/referensmaterial\/gerhards\/\">Gerhards, Leksand<\/a><\/li>\n<li><a href=\"https:\/\/minavykort.com\/vykort\/referensmaterial\/gotlandskonst-ab-visby\/\">Gotlandskonst AB<\/a><\/li>\n<li><a href=\"https:\/\/minavykort.com\/vykort\/referensmaterial\/grafisk-konst\/\">Grafisk Konst<\/a><\/li>\n<li><a href=\"https:\/\/minavykort.com\/vykort\/referensmaterial\/grako\/\">Grako<\/a><\/li>\n<li><a href=\"https:\/\/minavykort.com\/vykort\/referensmaterial\/gote-emteus-ab-stockholm\/\">G\u00f6te Emteus AB, Stockholm<\/a><\/li>\n<li><a href=\"https:\/\/minavykort.com\/vykort\/referensmaterial\/hallens-foto\/\">Hallens Foto &amp; Hallens Reklamtryck<\/a><\/li>\n<li><a href=\"https:\/\/minavykort.com\/vykort\/referensmaterial\/g-o\/ove-olstad-vykortsforlag\/\">Ove Olstad Vykortsf\u00f6rlag<\/a><\/li>\n<li><a href=\"https:\/\/minavykort.com\/vykort\/referensmaterial\/p-o\/pressbyran\/\">Pressbyr\u00e5n<\/a><\/li>\n<li><a href=\"https:\/\/minavykort.com\/vykort\/referensmaterial\/rec-cards-ab\/\">Rec-Cards AB<\/a><\/li>\n<li><a href=\"https:\/\/minavykort.com\/vykort\/referensmaterial\/ring-grambolaget-linkoping\/\">Ring-Grambolaget, Link\u00f6ping<\/a><\/li>\n<li><a href=\"https:\/\/minavykort.com\/vykort\/referensmaterial\/sa-mar-ab\/\">Sa-Mar AB<\/a><\/li>\n<li><a href=\"https:\/\/minavykort.com\/vykort\/referensmaterial\/scankort-ab\/\">Scankort AB<\/a><\/li>\n<li><a href=\"https:\/\/minavykort.com\/vykort\/referensmaterial\/trivselkort\/\">Trivselkort<\/a><\/li>\n<li><a href=\"https:\/\/minavykort.com\/vykort\/referensmaterial\/viperaforlaget-lysekil\/\">Vipera F\u00f6rlaget, Lysekil<\/a><\/li>\n<\/ul>\n<h3>Frankrike:<\/h3>\n<ul>\n<li><a href=\"https:\/\/minavykort.com\/vykort\/referensmaterial\/a-f\/ceko\/\">CEKo<\/a><\/li>\n<li><a href=\"https:\/\/minavykort.com\/vykort\/referensmaterial\/g-o\/guy\/\">GUY<\/a><\/li>\n<li><a href=\"https:\/\/minavykort.com\/vykort\/referensmaterial\/g-o\/iris\/\">IRIS<\/a><\/li>\n<li><a href=\"https:\/\/minavykort.com\/vykort\/referensmaterial\/p-o\/yvon\/\">YVON<\/a><\/li>\n<\/ul>\n<h3>Irland:<\/h3>\n<ul>\n<li><a href=\"https:\/\/minavykort.com\/vykort\/referensmaterial\/john-hinde-dublin\/\">John Hinde, Dublin, Irland<\/a><\/li>\n<\/ul>\n<h3>Norge:<\/h3>\n<ul>\n<li><a href=\"https:\/\/minavykort.com\/vykort\/referensmaterial\/aune-kunstforlag-as-norge\/\">Aune Kunstforlag AS, Norge<\/a><\/li>\n<li><a href=\"https:\/\/minavykort.com\/vykort\/referensmaterial\/mittet-co-as-oslo\/\">Mittet &amp; Co AS, Oslo<\/a><\/li>\n<li><a href=\"https:\/\/minavykort.com\/vykort\/referensmaterial\/normanns-kunstforlag-a-s-oslo\/\">Normanns Kunstforlag A\/S, Oslo<\/a><\/li>\n<li><a href=\"https:\/\/minavykort.com\/vykort\/referensmaterial\/h-strand-al-hallingdal\/\">Strand, H, \u00c5l, Hallingdal<\/a><\/li>\n<\/ul>\n<h3>Schweiz:<\/h3>\n<ul>\n<li><a href=\"https:\/\/minavykort.com\/vykort\/referensmaterial\/p-o\/photoglob-co-ag-zurich\/\">Photoglob Co. AG, Z\u00fcrich<\/a><\/li>\n<\/ul>\n<h3>Spanien:<\/h3>\n<ul>\n<li><a href=\"https:\/\/minavykort.com\/vykort\/referensmaterial\/a-f\/beascoa-spanien\/\">Beascoa, Barcelona<\/a><\/li>\n<li><a href=\"https:\/\/minavykort.com\/vykort\/referensmaterial\/a-f\/casa-planas-mallorca\/\">Casa Planas, Mallorca<\/a><\/li>\n<li><a href=\"https:\/\/minavykort.com\/vykort\/referensmaterial\/g-o\/icaria-mallorca\/\">Icaria foto\u2011cine, Mallorca<\/a><\/li>\n<\/ul>\n<h3>Storbritannien:<\/h3>\n<ul>\n<li><a href=\"https:\/\/minavykort.com\/vykort\/referensmaterial\/p-o\/valentines-storbritannien\/\">Valentines, Dundee and London<\/a><\/li>\n<\/ul>\n<h3>Tyskland:<\/h3>\n<ul>\n<li><a href=\"https:\/\/minavykort.com\/vykort\/referensmaterial\/p-o\/martin-rommel-co-stuttgart\/\">Martin Rommel &amp; Co, Stuttgart<\/a><\/li>\n<\/ul>\n","protected":false},"excerpt":{"rendered":"<p>H\u00e4r finns referensmaterial till olika vykortsf\u00f6rlag\/utgivare. Ett arbete som \u00e4r under st\u00e4ndig utveckling ! I dagsl\u00e4get inneh\u00e5ller listorna i stort sett endast vykort som jag har i min samling. F\u00f6r n\u00e4rvarande finns f\u00f6ljande f\u00f6rlag representerade A &#8211; \u00d6: Sverige: Br\u00f6derna Ohls\u00e9ns, Orsa. Carlaf\u00f6rlaget, Lysekil Color AB, Johanneshov Dalafoto, Orsa Danielson, E, AB, Genevad ECC AB [&hellip;]<\/p>\n","protected":false},"author":1,"featured_media":0,"parent":0,"menu_order":0,"comment_status":"closed","ping_status":"closed","template":"","meta":{"wikipediapreview_detectlinks":true,"site-container-style":"default","site-container-layout":"default","site-sidebar-layout":"default","site-transparent-header":"default","disable-article-header":"default","disable-site-header":"default","disable-site-footer":"default","disable-content-area-spacing":"default","ngg_post_thumbnail":0,"footnotes":""},"folder":[],"class_list":["post-9088","page","type-page","status-publish","hentry"],"_links":{"self":[{"href":"https:\/\/minavykort.com\/vykort\/wp-json\/wp\/v2\/pages\/9088","targetHints":{"allow":["GET"]}}],"collection":[{"href":"https:\/\/minavykort.com\/vykort\/wp-json\/wp\/v2\/pages"}],"about":[{"href":"https:\/\/minavykort.com\/vykort\/wp-json\/wp\/v2\/types\/page"}],"author":[{"embeddable":true,"href":"https:\/\/minavykort.com\/vykort\/wp-json\/wp\/v2\/users\/1"}],"replies":[{"embeddable":true,"href":"https:\/\/minavykort.com\/vykort\/wp-json\/wp\/v2\/comments?post=9088"}],"version-history":[{"count":38,"href":"https:\/\/minavykort.com\/vykort\/wp-json\/wp\/v2\/pages\/9088\/revisions"}],"predecessor-version":[{"id":12492,"href":"https:\/\/minavykort.com\/vykort\/wp-json\/wp\/v2\/pages\/9088\/revisions\/12492"}],"wp:attachment":[{"href":"https:\/\/minavykort.com\/vykort\/wp-json\/wp\/v2\/media?parent=9088"}],"wp:term":[{"taxonomy":"folder","embeddable":true,"href":"https:\/\/minavykort.com\/vykort\/wp-json\/wp\/v2\/folder?post=9088"}],"curies":[{"name":"wp","href":"https:\/\/api.w.org\/{rel}","templated":true}]}}