{"id":4487,"date":"2023-03-17T10:39:06","date_gmt":"2023-03-17T10:39:06","guid":{"rendered":"https:\/\/minavykort.com\/vykort\/?page_id=4487"},"modified":"2023-08-02T20:45:01","modified_gmt":"2023-08-02T20:45:01","slug":"hembygdsforeningar","status":"publish","type":"page","link":"https:\/\/minavykort.com\/vykort\/lankar\/hembygdsforeningar\/","title":{"rendered":"Hembygdsf\u00f6reningar"},"content":{"rendered":"<p><strong>L\u00e4nkar till Hembygdsf\u00f6reningar och andra lokala resurser p\u00e5 n\u00e4tet i Sverige:&nbsp;<\/strong><a href=\"https:\/\/minavykort.com\/vykort\/kontakt\/\">F\u00f6resl\u00e5 L\u00e4nk<\/a><\/p>\n<p><strong>Kronobergs L\u00e4n:<\/strong><\/p>\n<ul>\n<li><a href=\"https:\/\/www.hembygd.se\/berga\" target=\"_blank\" rel=\"noopener\">Berga Hembygdsf\u00f6rening, Lagan<\/a><\/li>\n<li><a href=\"https:\/\/www.hembygd.se\/skatelov\" target=\"_blank\" rel=\"noopener\">Skatel\u00f6vs Hembygdsf\u00f6rening, Grimsl\u00f6v<\/a><\/li>\n<\/ul>\n<p><strong>V\u00e4stermanlands L\u00e4n:<\/strong><\/p>\n<ul>\n<li><a href=\"https:\/\/www.hembygd.se\/karbenning\" target=\"_blank\" rel=\"noopener\">Karbennings Hembygdsf\u00f6rening<\/a><\/li>\n<\/ul>\n<p><strong>\u00d6sterg\u00f6tlands L\u00e4n:<\/strong><\/p>\n<ul>\n<li><a href=\"https:\/\/www.gamlalinkoping.info\/\" target=\"_blank\" rel=\"noopener\">Gamla Link\u00f6ping<\/a><\/li>\n<li><a href=\"https:\/\/www.hembygd.se\/gryts-hembygdsf-rening\" target=\"_blank\" rel=\"noopener\">Gryts Hembygdsf\u00f6rening<\/a><\/li>\n<li><a href=\"https:\/\/www.hembygd.se\/skeda-hembygdsf-rening\" target=\"_blank\" rel=\"noopener\">Skeda Hembygdsf\u00f6rening<\/a><\/li>\n<li><a href=\"https:\/\/www.hembygd.se\/tjarstad\" target=\"_blank\" rel=\"noopener\">Tj\u00e4rstads Hembygdsf\u00f6rening<\/a><\/li>\n<li><a href=\"https:\/\/vardnashbf.se\/\" target=\"_blank\" rel=\"noopener\">V\u00e5rdn\u00e4s Hembygdsf\u00f6rening<\/a><\/li>\n<li><a href=\"http:\/\/www.alvestadhbf.se\/\" target=\"_blank\" rel=\"noopener\">\u00c4lvestads Hembygdsf\u00f6rening<\/a><\/li>\n<\/ul>\n<p>&nbsp;<\/p>\n","protected":false},"excerpt":{"rendered":"<p>L\u00e4nkar till Hembygdsf\u00f6reningar och andra lokala resurser p\u00e5 n\u00e4tet i Sverige:&nbsp;F\u00f6resl\u00e5 L\u00e4nk Kronobergs L\u00e4n: Berga Hembygdsf\u00f6rening, Lagan Skatel\u00f6vs Hembygdsf\u00f6rening, Grimsl\u00f6v V\u00e4stermanlands L\u00e4n: Karbennings Hembygdsf\u00f6rening \u00d6sterg\u00f6tlands L\u00e4n: Gamla Link\u00f6ping Gryts Hembygdsf\u00f6rening Skeda Hembygdsf\u00f6rening Tj\u00e4rstads Hembygdsf\u00f6rening V\u00e5rdn\u00e4s Hembygdsf\u00f6rening \u00c4lvestads Hembygdsf\u00f6rening &nbsp;<\/p>\n","protected":false},"author":1,"featured_media":0,"parent":148,"menu_order":0,"comment_status":"closed","ping_status":"closed","template":"","meta":{"wikipediapreview_detectlinks":true,"site-container-style":"default","site-container-layout":"default","site-sidebar-layout":"default","site-transparent-header":"default","disable-article-header":"default","disable-site-header":"default","disable-site-footer":"default","disable-content-area-spacing":"default","ngg_post_thumbnail":0,"footnotes":""},"folder":[],"class_list":["post-4487","page","type-page","status-publish","hentry"],"_links":{"self":[{"href":"https:\/\/minavykort.com\/vykort\/wp-json\/wp\/v2\/pages\/4487","targetHints":{"allow":["GET"]}}],"collection":[{"href":"https:\/\/minavykort.com\/vykort\/wp-json\/wp\/v2\/pages"}],"about":[{"href":"https:\/\/minavykort.com\/vykort\/wp-json\/wp\/v2\/types\/page"}],"author":[{"embeddable":true,"href":"https:\/\/minavykort.com\/vykort\/wp-json\/wp\/v2\/users\/1"}],"replies":[{"embeddable":true,"href":"https:\/\/minavykort.com\/vykort\/wp-json\/wp\/v2\/comments?post=4487"}],"version-history":[{"count":13,"href":"https:\/\/minavykort.com\/vykort\/wp-json\/wp\/v2\/pages\/4487\/revisions"}],"predecessor-version":[{"id":7772,"href":"https:\/\/minavykort.com\/vykort\/wp-json\/wp\/v2\/pages\/4487\/revisions\/7772"}],"up":[{"embeddable":true,"href":"https:\/\/minavykort.com\/vykort\/wp-json\/wp\/v2\/pages\/148"}],"wp:attachment":[{"href":"https:\/\/minavykort.com\/vykort\/wp-json\/wp\/v2\/media?parent=4487"}],"wp:term":[{"taxonomy":"folder","embeddable":true,"href":"https:\/\/minavykort.com\/vykort\/wp-json\/wp\/v2\/folder?post=4487"}],"curies":[{"name":"wp","href":"https:\/\/api.w.org\/{rel}","templated":true}]}}