{"id":4483,"date":"2023-03-17T10:33:44","date_gmt":"2023-03-17T10:33:44","guid":{"rendered":"https:\/\/minavykort.com\/vykort\/?page_id=4483"},"modified":"2024-03-02T17:45:00","modified_gmt":"2024-03-02T17:45:00","slug":"internationella-lankar","status":"publish","type":"page","link":"https:\/\/minavykort.com\/vykort\/lankar\/internationella-lankar\/","title":{"rendered":"Internationella L\u00e4nkar"},"content":{"rendered":"<p><strong>Internationella Vykortsrelaterade L\u00e4nkar:<\/strong><\/p>\n<ul>\n<li><a href=\"https:\/\/postcardhistory.net\/\" target=\"_blank\" rel=\"noopener\">Postcard History<\/a>&nbsp;\u2013 En tidning f\u00f6r vykortssamlare.<\/li>\n<li><a href=\"https:\/\/postcardarchaeologist.com\/\" target=\"_blank\" rel=\"noopener\">Postcard Archaeologist<\/a> &#8211; H\u00e4r kan du g\u00f6ra en tidsresa med hj\u00e4lp av gamla vykort.&nbsp;<\/li>\n<li><a href=\"https:\/\/cartorum.fr\/\" target=\"_blank\" rel=\"noopener\">Cartorum<\/a> &#8211; Fransk sida med vykort och detaljerade kartor \u00f6ver vykortet i nutid.<\/li>\n<\/ul>\n","protected":false},"excerpt":{"rendered":"<p>Internationella Vykortsrelaterade L\u00e4nkar: Postcard History&nbsp;\u2013 En tidning f\u00f6r vykortssamlare. Postcard Archaeologist &#8211; H\u00e4r kan du g\u00f6ra en tidsresa med hj\u00e4lp av gamla vykort.&nbsp; Cartorum &#8211; Fransk sida med vykort och detaljerade kartor \u00f6ver vykortet i nutid.<\/p>\n","protected":false},"author":1,"featured_media":0,"parent":148,"menu_order":0,"comment_status":"closed","ping_status":"closed","template":"","meta":{"wikipediapreview_detectlinks":true,"site-container-style":"default","site-container-layout":"default","site-sidebar-layout":"default","site-transparent-header":"default","disable-article-header":"default","disable-site-header":"default","disable-site-footer":"default","disable-content-area-spacing":"default","ngg_post_thumbnail":0,"footnotes":""},"folder":[],"class_list":["post-4483","page","type-page","status-publish","hentry"],"_links":{"self":[{"href":"https:\/\/minavykort.com\/vykort\/wp-json\/wp\/v2\/pages\/4483","targetHints":{"allow":["GET"]}}],"collection":[{"href":"https:\/\/minavykort.com\/vykort\/wp-json\/wp\/v2\/pages"}],"about":[{"href":"https:\/\/minavykort.com\/vykort\/wp-json\/wp\/v2\/types\/page"}],"author":[{"embeddable":true,"href":"https:\/\/minavykort.com\/vykort\/wp-json\/wp\/v2\/users\/1"}],"replies":[{"embeddable":true,"href":"https:\/\/minavykort.com\/vykort\/wp-json\/wp\/v2\/comments?post=4483"}],"version-history":[{"count":6,"href":"https:\/\/minavykort.com\/vykort\/wp-json\/wp\/v2\/pages\/4483\/revisions"}],"predecessor-version":[{"id":8458,"href":"https:\/\/minavykort.com\/vykort\/wp-json\/wp\/v2\/pages\/4483\/revisions\/8458"}],"up":[{"embeddable":true,"href":"https:\/\/minavykort.com\/vykort\/wp-json\/wp\/v2\/pages\/148"}],"wp:attachment":[{"href":"https:\/\/minavykort.com\/vykort\/wp-json\/wp\/v2\/media?parent=4483"}],"wp:term":[{"taxonomy":"folder","embeddable":true,"href":"https:\/\/minavykort.com\/vykort\/wp-json\/wp\/v2\/folder?post=4483"}],"curies":[{"name":"wp","href":"https:\/\/api.w.org\/{rel}","templated":true}]}}