{"id":148,"date":"2023-01-29T16:05:27","date_gmt":"2023-01-29T16:05:27","guid":{"rendered":"http:\/\/gator4052.temp.domains\/~minavyko\/vykort\/?page_id=148"},"modified":"2023-04-10T13:10:38","modified_gmt":"2023-04-10T13:10:38","slug":"lankar","status":"publish","type":"page","link":"https:\/\/minavykort.com\/vykort\/lankar\/","title":{"rendered":"L\u00e4nkar"},"content":{"rendered":"<p>L\u00e4nkar till intressanta st\u00e4llen p\u00e5 n\u00e4tet !<\/p>\n<p><a href=\"https:\/\/colnect.com\/en\" target=\"_blank\" rel=\"noopener\"><img loading=\"lazy\" decoding=\"async\" class=\"alignnone size-full wp-image-3217\" src=\"https:\/\/minavykort.com\/vykort\/wp-content\/uploads\/2023\/02\/colnect_sm.png\" alt=\"\" width=\"90\" height=\"31\"><\/a> En sida f\u00f6r samlare av alla sorter.<br \/>\nH\u00e5ll enkelt ordning p\u00e5 din samling !<\/p>\n<p><strong>Svenska Vykortsrelaterade L\u00e4nkar:<\/strong><\/p>\n<ul>\n<li><a href=\"http:\/\/vyer.nu\/\">Vyer.nu<\/a> &#8211; Pers sida med vykort och information om dem, samt om vykortssamlande.<\/li>\n<li><a href=\"https:\/\/stockholmsvykort.wordpress.com\" target=\"_blank\" rel=\"noopener\">Bjarnes blogg med Stockholmsvykort<\/a><\/li>\n<\/ul>\n<p><strong>Historierelaterade L\u00e4nkar:<\/strong><\/p>\n<ul>\n<li><a href=\"https:\/\/www.historiesajten.se\/index.asp\" target=\"_blank\" rel=\"noopener\">Historiesajten.se<\/a> &#8211; Fantastisk sida med massor med information om Sveriges historia.<\/li>\n<li><a href=\"https:\/\/slottsguiden.info\/index.asp\" target=\"_blank\" rel=\"noopener\">Slottsguiden.info<\/a> &#8211; En sida d\u00e4r du kan l\u00e4sa om slott och herres\u00e4ten i Sverige och Europa.<\/li>\n<\/ul>\n","protected":false},"excerpt":{"rendered":"<p>L\u00e4nkar till intressanta st\u00e4llen p\u00e5 n\u00e4tet ! En sida f\u00f6r samlare av alla sorter. H\u00e5ll enkelt ordning p\u00e5 din samling ! Svenska Vykortsrelaterade L\u00e4nkar: Vyer.nu &#8211; Pers sida med vykort och information om dem, samt om vykortssamlande. Bjarnes blogg med Stockholmsvykort Historierelaterade L\u00e4nkar: Historiesajten.se &#8211; Fantastisk sida med massor med information om Sveriges historia. Slottsguiden.info [&hellip;]<\/p>\n","protected":false},"author":1,"featured_media":0,"parent":0,"menu_order":0,"comment_status":"closed","ping_status":"closed","template":"","meta":{"wikipediapreview_detectlinks":true,"site-container-style":"default","site-container-layout":"default","site-sidebar-layout":"default","site-transparent-header":"default","disable-article-header":"default","disable-site-header":"default","disable-site-footer":"default","disable-content-area-spacing":"default","ngg_post_thumbnail":0,"footnotes":""},"folder":[],"class_list":["post-148","page","type-page","status-publish","hentry"],"_links":{"self":[{"href":"https:\/\/minavykort.com\/vykort\/wp-json\/wp\/v2\/pages\/148","targetHints":{"allow":["GET"]}}],"collection":[{"href":"https:\/\/minavykort.com\/vykort\/wp-json\/wp\/v2\/pages"}],"about":[{"href":"https:\/\/minavykort.com\/vykort\/wp-json\/wp\/v2\/types\/page"}],"author":[{"embeddable":true,"href":"https:\/\/minavykort.com\/vykort\/wp-json\/wp\/v2\/users\/1"}],"replies":[{"embeddable":true,"href":"https:\/\/minavykort.com\/vykort\/wp-json\/wp\/v2\/comments?post=148"}],"version-history":[{"count":15,"href":"https:\/\/minavykort.com\/vykort\/wp-json\/wp\/v2\/pages\/148\/revisions"}],"predecessor-version":[{"id":5778,"href":"https:\/\/minavykort.com\/vykort\/wp-json\/wp\/v2\/pages\/148\/revisions\/5778"}],"wp:attachment":[{"href":"https:\/\/minavykort.com\/vykort\/wp-json\/wp\/v2\/media?parent=148"}],"wp:term":[{"taxonomy":"folder","embeddable":true,"href":"https:\/\/minavykort.com\/vykort\/wp-json\/wp\/v2\/folder?post=148"}],"curies":[{"name":"wp","href":"https:\/\/api.w.org\/{rel}","templated":true}]}}