{"id":144,"date":"2023-01-29T16:03:46","date_gmt":"2023-01-29T16:03:46","guid":{"rendered":"http:\/\/gator4052.temp.domains\/~minavyko\/vykort\/?page_id=144"},"modified":"2023-05-23T19:27:15","modified_gmt":"2023-05-23T19:27:15","slug":"om-sidan","status":"publish","type":"page","link":"https:\/\/minavykort.com\/vykort\/om-sidan\/","title":{"rendered":"Om Sidan"},"content":{"rendered":"<h3>V\u00e4lkommen till Minavykort.com!<\/h3>\n<p>Jag som driver sidan heter Stephan och bor straxt utanf\u00f6r Link\u00f6ping. Det kan f\u00f6rklara en viss \u00f6vervikt med vykort fr\u00e5n \u00d6sterg\u00f6tland !<\/p>\n<p>Den h\u00e4r sidan \u00e4r inte p\u00e5 n\u00e5got s\u00e4tt ett f\u00f6rs\u00f6k att skapa en komplett katalog, utan mest ett s\u00e4tt att visa mina fantastiska vykort.<br \/>\nMin \u00f6nskan \u00e4r ocks\u00e5 att sprida kunskap och nyfikenhet om hur det s\u00e5g ut i v\u00e5rt samh\u00e4lle f\u00f6rr i tiden.<br \/>\nJag har f\u00e5tt n\u00e5gra mail fr\u00e5n l\u00e4rare som visat n\u00e5gra gamla vykort fr\u00e5n sidan, f\u00f6r sina elever p\u00e5 mellanstadiet. Kul tycker jag och precis det som \u00e4r meningen !<\/p>\n<p>Jag \u00e4ger ingen copyright till vykorten p\u00e5 n\u00e5got s\u00e4tt.<\/p>\n<p>Om gatunamnet i en post \u00e4r l\u00e4nkat, inneb\u00e4r det att du kan klicka p\u00e5 den och komma till en karta som visar var gatan eller dylikt \u00e4r n\u00e5gonstans.<\/p>\n<p>&nbsp;<\/p>\n<p>Om du \u00e4r intresserad av att bidra till sidan \u00e4r du v\u00e4lkommen att anv\u00e4nda&nbsp;<a href=\"http:\/\/www.minavykort.com\/vykort\/kontakt\/\">webformul\u00e4ret<\/a>&nbsp;f\u00f6r att kontakta mig.<br \/>\nOm du vill&nbsp;visar jag d\u00e5 ditt namn och\/eller l\u00e4nk till din sida under de bilder du bidragit med.<\/p>\n","protected":false},"excerpt":{"rendered":"<p>V\u00e4lkommen till Minavykort.com! Jag som driver sidan heter Stephan och bor straxt utanf\u00f6r Link\u00f6ping. Det kan f\u00f6rklara en viss \u00f6vervikt med vykort fr\u00e5n \u00d6sterg\u00f6tland ! Den h\u00e4r sidan \u00e4r inte p\u00e5 n\u00e5got s\u00e4tt ett f\u00f6rs\u00f6k att skapa en komplett katalog, utan mest ett s\u00e4tt att visa mina fantastiska vykort. Min \u00f6nskan \u00e4r ocks\u00e5 att sprida [&hellip;]<\/p>\n","protected":false},"author":1,"featured_media":0,"parent":0,"menu_order":0,"comment_status":"closed","ping_status":"closed","template":"","meta":{"wikipediapreview_detectlinks":true,"site-container-style":"default","site-container-layout":"default","site-sidebar-layout":"default","site-transparent-header":"default","disable-article-header":"default","disable-site-header":"default","disable-site-footer":"default","disable-content-area-spacing":"default","ngg_post_thumbnail":0,"footnotes":""},"folder":[],"class_list":["post-144","page","type-page","status-publish","hentry"],"_links":{"self":[{"href":"https:\/\/minavykort.com\/vykort\/wp-json\/wp\/v2\/pages\/144","targetHints":{"allow":["GET"]}}],"collection":[{"href":"https:\/\/minavykort.com\/vykort\/wp-json\/wp\/v2\/pages"}],"about":[{"href":"https:\/\/minavykort.com\/vykort\/wp-json\/wp\/v2\/types\/page"}],"author":[{"embeddable":true,"href":"https:\/\/minavykort.com\/vykort\/wp-json\/wp\/v2\/users\/1"}],"replies":[{"embeddable":true,"href":"https:\/\/minavykort.com\/vykort\/wp-json\/wp\/v2\/comments?post=144"}],"version-history":[{"count":5,"href":"https:\/\/minavykort.com\/vykort\/wp-json\/wp\/v2\/pages\/144\/revisions"}],"predecessor-version":[{"id":6879,"href":"https:\/\/minavykort.com\/vykort\/wp-json\/wp\/v2\/pages\/144\/revisions\/6879"}],"wp:attachment":[{"href":"https:\/\/minavykort.com\/vykort\/wp-json\/wp\/v2\/media?parent=144"}],"wp:term":[{"taxonomy":"folder","embeddable":true,"href":"https:\/\/minavykort.com\/vykort\/wp-json\/wp\/v2\/folder?post=144"}],"curies":[{"name":"wp","href":"https:\/\/api.w.org\/{rel}","templated":true}]}}