{"id":12488,"date":"2025-10-30T21:38:07","date_gmt":"2025-10-30T21:38:07","guid":{"rendered":"https:\/\/minavykort.com\/vykort\/?page_id=12488"},"modified":"2025-10-30T21:40:25","modified_gmt":"2025-10-30T21:40:25","slug":"ceko","status":"publish","type":"page","link":"https:\/\/minavykort.com\/vykort\/referensmaterial\/a-f\/ceko\/","title":{"rendered":"CEKo"},"content":{"rendered":"<p>&nbsp;<\/p>\n\n<table id=\"tablepress-43\" class=\"tablepress tablepress-id-43\">\n<thead>\n<tr class=\"row-1\">\n\t<th class=\"column-1\"><strong>Nummer<\/strong><\/th><th class=\"column-2\"><strong>Motiv<\/strong><\/th><th class=\"column-3\"><strong>Bild<\/strong><\/th><th class=\"column-4\"><strong>Kommentar<\/strong><\/th><th class=\"column-5\"><strong>Annat F\u00f6rlag<\/strong><\/th>\n<\/tr>\n<\/thead>\n<tbody class=\"row-striping row-hover\">\n<tr class=\"row-2\">\n\t<td class=\"column-1\">1161<\/td><td class=\"column-2\">Flicka och pojke, Hj\u00e4rtlig gratulation.<\/td><td class=\"column-3\"><a href=\"https:\/\/minavykort.com\/vykort\/wp-content\/uploads\/2025\/10\/ceko-1161.jpg\"><img loading=\"lazy\" decoding=\"async\" src=\"https:\/\/minavykort.com\/vykort\/wp-content\/uploads\/2025\/10\/ceko-1161-188x300.jpg\" alt=\"\" width=\"188\" height=\"300\" class=\"alignnone size-medium wp-image-12486\" srcset=\"https:\/\/minavykort.com\/vykort\/wp-content\/uploads\/2025\/10\/ceko-1161-188x300.jpg 188w, https:\/\/minavykort.com\/vykort\/wp-content\/uploads\/2025\/10\/ceko-1161-642x1024.jpg 642w, https:\/\/minavykort.com\/vykort\/wp-content\/uploads\/2025\/10\/ceko-1161.jpg 672w\" sizes=\"auto, (max-width: 188px) 100vw, 188px\" \/><\/a><\/td><td class=\"column-4\"><\/td><td class=\"column-5\"><\/td>\n<\/tr>\n<tr class=\"row-3\">\n\t<td class=\"column-1\"><\/td><td class=\"column-2\"><\/td><td class=\"column-3\"><\/td><td class=\"column-4\"><\/td><td class=\"column-5\"><\/td>\n<\/tr>\n<\/tbody>\n<\/table>\n<!-- #tablepress-43 from cache -->\n<p>&nbsp;<\/p>\n<p>CEKO \/ CEKo var ett franskt vykortsm\u00e4rke knutet&nbsp; f\u00f6rlaget E. Kruger &amp; Co (E. Kr\u00fcger &amp; Cie) i Paris.<\/p>\n","protected":false},"excerpt":{"rendered":"<p>&nbsp; &nbsp; CEKO \/ CEKo var ett franskt vykortsm\u00e4rke knutet&nbsp; f\u00f6rlaget E. Kruger &amp; Co (E. Kr\u00fcger &amp; Cie) i Paris.<\/p>\n","protected":false},"author":1,"featured_media":0,"parent":10490,"menu_order":0,"comment_status":"closed","ping_status":"closed","template":"","meta":{"wikipediapreview_detectlinks":true,"site-container-style":"default","site-container-layout":"default","site-sidebar-layout":"default","site-transparent-header":"default","disable-article-header":"default","disable-site-header":"default","disable-site-footer":"default","disable-content-area-spacing":"default","ngg_post_thumbnail":0,"footnotes":""},"folder":[],"class_list":["post-12488","page","type-page","status-publish","hentry"],"_links":{"self":[{"href":"https:\/\/minavykort.com\/vykort\/wp-json\/wp\/v2\/pages\/12488","targetHints":{"allow":["GET"]}}],"collection":[{"href":"https:\/\/minavykort.com\/vykort\/wp-json\/wp\/v2\/pages"}],"about":[{"href":"https:\/\/minavykort.com\/vykort\/wp-json\/wp\/v2\/types\/page"}],"author":[{"embeddable":true,"href":"https:\/\/minavykort.com\/vykort\/wp-json\/wp\/v2\/users\/1"}],"replies":[{"embeddable":true,"href":"https:\/\/minavykort.com\/vykort\/wp-json\/wp\/v2\/comments?post=12488"}],"version-history":[{"count":3,"href":"https:\/\/minavykort.com\/vykort\/wp-json\/wp\/v2\/pages\/12488\/revisions"}],"predecessor-version":[{"id":12491,"href":"https:\/\/minavykort.com\/vykort\/wp-json\/wp\/v2\/pages\/12488\/revisions\/12491"}],"up":[{"embeddable":true,"href":"https:\/\/minavykort.com\/vykort\/wp-json\/wp\/v2\/pages\/10490"}],"wp:attachment":[{"href":"https:\/\/minavykort.com\/vykort\/wp-json\/wp\/v2\/media?parent=12488"}],"wp:term":[{"taxonomy":"folder","embeddable":true,"href":"https:\/\/minavykort.com\/vykort\/wp-json\/wp\/v2\/folder?post=12488"}],"curies":[{"name":"wp","href":"https:\/\/api.w.org\/{rel}","templated":true}]}}