{"id":12363,"date":"2025-10-14T21:02:42","date_gmt":"2025-10-14T21:02:42","guid":{"rendered":"https:\/\/minavykort.com\/vykort\/?page_id=12363"},"modified":"2025-10-14T21:02:42","modified_gmt":"2025-10-14T21:02:42","slug":"pressbyran","status":"publish","type":"page","link":"https:\/\/minavykort.com\/vykort\/referensmaterial\/p-o\/pressbyran\/","title":{"rendered":"Pressbyr\u00e5n"},"content":{"rendered":"<p>&nbsp;<\/p>\n\n<table id=\"tablepress-42\" class=\"tablepress tablepress-id-42\">\n<thead>\n<tr class=\"row-1\">\n\t<th class=\"column-1\"><strong>Nummer<\/strong><\/th><th class=\"column-2\"><strong>Motiv<\/strong><\/th><th class=\"column-3\"><strong>Bild<\/strong><\/th><th class=\"column-4\"><strong>Kommentar<\/strong><\/th><th class=\"column-5\"><strong>Annat F\u00f6rlag<\/strong><\/th>\n<\/tr>\n<\/thead>\n<tbody class=\"row-striping row-hover\">\n<tr class=\"row-2\">\n\t<td class=\"column-1\">7142<\/td><td class=\"column-2\">S\u00f6dert\u00f6rns Villastad, \u00c5gestabron.<\/td><td class=\"column-3\"><a href=\"https:\/\/minavykort.com\/vykort\/wp-content\/uploads\/2025\/10\/pressbyran-7142.jpg\"><img loading=\"lazy\" decoding=\"async\" src=\"https:\/\/minavykort.com\/vykort\/wp-content\/uploads\/2025\/10\/pressbyran-7142-300x195.jpg\" alt=\"\" width=\"300\" height=\"195\" class=\"alignnone size-medium wp-image-12361\" srcset=\"https:\/\/minavykort.com\/vykort\/wp-content\/uploads\/2025\/10\/pressbyran-7142-300x195.jpg 300w, https:\/\/minavykort.com\/vykort\/wp-content\/uploads\/2025\/10\/pressbyran-7142-1024x667.jpg 1024w, https:\/\/minavykort.com\/vykort\/wp-content\/uploads\/2025\/10\/pressbyran-7142-768x500.jpg 768w, https:\/\/minavykort.com\/vykort\/wp-content\/uploads\/2025\/10\/pressbyran-7142.jpg 1072w\" sizes=\"auto, (max-width: 300px) 100vw, 300px\" \/><\/a><\/td><td class=\"column-4\">9x14<\/td><td class=\"column-5\"><\/td>\n<\/tr>\n<tr class=\"row-3\">\n\t<td class=\"column-1\">71397<\/td><td class=\"column-2\">Gammelstad, Nederlule\u00e5 kyrka.<\/td><td class=\"column-3\"><a href=\"https:\/\/minavykort.com\/vykort\/wp-content\/uploads\/2025\/10\/pressbyran-71397.jpg\"><img loading=\"lazy\" decoding=\"async\" src=\"https:\/\/minavykort.com\/vykort\/wp-content\/uploads\/2025\/10\/pressbyran-71397-300x211.jpg\" alt=\"\" width=\"300\" height=\"211\" class=\"alignnone size-medium wp-image-12360\" srcset=\"https:\/\/minavykort.com\/vykort\/wp-content\/uploads\/2025\/10\/pressbyran-71397-300x211.jpg 300w, https:\/\/minavykort.com\/vykort\/wp-content\/uploads\/2025\/10\/pressbyran-71397-1024x719.jpg 1024w, https:\/\/minavykort.com\/vykort\/wp-content\/uploads\/2025\/10\/pressbyran-71397-768x539.jpg 768w, https:\/\/minavykort.com\/vykort\/wp-content\/uploads\/2025\/10\/pressbyran-71397.jpg 1154w\" sizes=\"auto, (max-width: 300px) 100vw, 300px\" \/><\/a><\/td><td class=\"column-4\"><\/td><td class=\"column-5\"><\/td>\n<\/tr>\n<tr class=\"row-4\">\n\t<td class=\"column-1\">10610<\/td><td class=\"column-2\">\u00d6vertorne\u00e5 kyrka, interi\u00f6r.<\/td><td class=\"column-3\"><a href=\"https:\/\/minavykort.com\/vykort\/wp-content\/uploads\/2025\/10\/pressbyran-10610.jpg\"><img loading=\"lazy\" decoding=\"async\" src=\"https:\/\/minavykort.com\/vykort\/wp-content\/uploads\/2025\/10\/pressbyran-10610-300x195.jpg\" alt=\"\" width=\"300\" height=\"195\" class=\"alignnone size-medium wp-image-12418\" srcset=\"https:\/\/minavykort.com\/vykort\/wp-content\/uploads\/2025\/10\/pressbyran-10610-300x195.jpg 300w, https:\/\/minavykort.com\/vykort\/wp-content\/uploads\/2025\/10\/pressbyran-10610-1024x667.jpg 1024w, https:\/\/minavykort.com\/vykort\/wp-content\/uploads\/2025\/10\/pressbyran-10610-768x500.jpg 768w, https:\/\/minavykort.com\/vykort\/wp-content\/uploads\/2025\/10\/pressbyran-10610.jpg 1069w\" sizes=\"auto, (max-width: 300px) 100vw, 300px\" \/><\/a><\/td><td class=\"column-4\">9x14<\/td><td class=\"column-5\"><\/td>\n<\/tr>\n<tr class=\"row-5\">\n\t<td class=\"column-1\">32111<\/td><td class=\"column-2\">Karlstad, Parti f r\u00e5n V\u00e4rmlands Mus\u00e9um<\/td><td class=\"column-3\"><a href=\"https:\/\/minavykort.com\/vykort\/wp-content\/uploads\/2025\/10\/pressbyran-32111.jpg\"><img loading=\"lazy\" decoding=\"async\" src=\"https:\/\/minavykort.com\/vykort\/wp-content\/uploads\/2025\/10\/pressbyran-32111-300x193.jpg\" alt=\"\" width=\"300\" height=\"193\" class=\"alignnone size-medium wp-image-12419\" srcset=\"https:\/\/minavykort.com\/vykort\/wp-content\/uploads\/2025\/10\/pressbyran-32111-300x193.jpg 300w, https:\/\/minavykort.com\/vykort\/wp-content\/uploads\/2025\/10\/pressbyran-32111-1024x659.jpg 1024w, https:\/\/minavykort.com\/vykort\/wp-content\/uploads\/2025\/10\/pressbyran-32111-768x494.jpg 768w, https:\/\/minavykort.com\/vykort\/wp-content\/uploads\/2025\/10\/pressbyran-32111.jpg 1069w\" sizes=\"auto, (max-width: 300px) 100vw, 300px\" \/><\/a><\/td><td class=\"column-4\"><\/td><td class=\"column-5\"><\/td>\n<\/tr>\n<tr class=\"row-6\">\n\t<td class=\"column-1\">F 7745<\/td><td class=\"column-2\">G\u00f6teborg, L\u00e5ngedrags Restaurant<\/td><td class=\"column-3\"><a href=\"https:\/\/minavykort.com\/vykort\/wp-content\/uploads\/2025\/10\/pressbyran-f-7745.jpg\"><img loading=\"lazy\" decoding=\"async\" src=\"https:\/\/minavykort.com\/vykort\/wp-content\/uploads\/2025\/10\/pressbyran-f-7745-300x213.jpg\" alt=\"\" width=\"300\" height=\"213\" class=\"alignnone size-medium wp-image-12417\" srcset=\"https:\/\/minavykort.com\/vykort\/wp-content\/uploads\/2025\/10\/pressbyran-f-7745-300x213.jpg 300w, https:\/\/minavykort.com\/vykort\/wp-content\/uploads\/2025\/10\/pressbyran-f-7745-1024x728.jpg 1024w, https:\/\/minavykort.com\/vykort\/wp-content\/uploads\/2025\/10\/pressbyran-f-7745-768x546.jpg 768w, https:\/\/minavykort.com\/vykort\/wp-content\/uploads\/2025\/10\/pressbyran-f-7745.jpg 1133w\" sizes=\"auto, (max-width: 300px) 100vw, 300px\" \/><\/a><\/td><td class=\"column-4\">10x15<\/td><td class=\"column-5\"><\/td>\n<\/tr>\n<\/tbody>\n<\/table>\n<!-- #tablepress-42 from cache -->\n","protected":false},"excerpt":{"rendered":"<p>&nbsp;<\/p>\n","protected":false},"author":1,"featured_media":0,"parent":10495,"menu_order":0,"comment_status":"closed","ping_status":"closed","template":"","meta":{"wikipediapreview_detectlinks":true,"site-container-style":"default","site-container-layout":"default","site-sidebar-layout":"default","site-transparent-header":"default","disable-article-header":"default","disable-site-header":"default","disable-site-footer":"default","disable-content-area-spacing":"default","ngg_post_thumbnail":0,"footnotes":""},"folder":[],"class_list":["post-12363","page","type-page","status-publish","hentry"],"_links":{"self":[{"href":"https:\/\/minavykort.com\/vykort\/wp-json\/wp\/v2\/pages\/12363","targetHints":{"allow":["GET"]}}],"collection":[{"href":"https:\/\/minavykort.com\/vykort\/wp-json\/wp\/v2\/pages"}],"about":[{"href":"https:\/\/minavykort.com\/vykort\/wp-json\/wp\/v2\/types\/page"}],"author":[{"embeddable":true,"href":"https:\/\/minavykort.com\/vykort\/wp-json\/wp\/v2\/users\/1"}],"replies":[{"embeddable":true,"href":"https:\/\/minavykort.com\/vykort\/wp-json\/wp\/v2\/comments?post=12363"}],"version-history":[{"count":1,"href":"https:\/\/minavykort.com\/vykort\/wp-json\/wp\/v2\/pages\/12363\/revisions"}],"predecessor-version":[{"id":12364,"href":"https:\/\/minavykort.com\/vykort\/wp-json\/wp\/v2\/pages\/12363\/revisions\/12364"}],"up":[{"embeddable":true,"href":"https:\/\/minavykort.com\/vykort\/wp-json\/wp\/v2\/pages\/10495"}],"wp:attachment":[{"href":"https:\/\/minavykort.com\/vykort\/wp-json\/wp\/v2\/media?parent=12363"}],"wp:term":[{"taxonomy":"folder","embeddable":true,"href":"https:\/\/minavykort.com\/vykort\/wp-json\/wp\/v2\/folder?post=12363"}],"curies":[{"name":"wp","href":"https:\/\/api.w.org\/{rel}","templated":true}]}}