{"id":12232,"date":"2025-07-09T17:08:33","date_gmt":"2025-07-09T17:08:33","guid":{"rendered":"https:\/\/minavykort.com\/vykort\/?page_id=12232"},"modified":"2025-07-09T17:11:57","modified_gmt":"2025-07-09T17:11:57","slug":"ernst-apel-serie-tyskland","status":"publish","type":"page","link":"https:\/\/minavykort.com\/vykort\/referensmaterial\/a-f\/ernst-apel-serie-tyskland\/","title":{"rendered":"Ernst Apel &#038; Serie &#8211; Tyskland"},"content":{"rendered":"<p>Ernst Apel &amp; Serie &#8211; Tyskland<\/p>\n<p style=\"text-align: center;\"><a href=\"https:\/\/minavykort.com\/vykort\/wp-content\/uploads\/2025\/07\/eas-logo-1.jpg\"><img loading=\"lazy\" decoding=\"async\" class=\"alignnone size-full wp-image-12233\" src=\"https:\/\/minavykort.com\/vykort\/wp-content\/uploads\/2025\/07\/eas-logo-1.jpg\" alt=\"\" width=\"119\" height=\"71\"><\/a><\/p>\n\n<table id=\"tablepress-41\" class=\"tablepress tablepress-id-41\">\n<thead>\n<tr class=\"row-1\">\n\t<th class=\"column-1\"><strong>Nummer<\/strong><\/th><th class=\"column-2\"><strong>Motiv<\/strong><\/th><th class=\"column-3\"><strong>Bild<\/strong><\/th><th class=\"column-4\"><strong>Kommentar<\/strong><\/th><th class=\"column-5\"><strong>Annat F\u00f6rlag<\/strong><\/th>\n<\/tr>\n<\/thead>\n<tbody class=\"row-striping row-hover\">\n<tr class=\"row-2\">\n\t<td class=\"column-1\">0000 (ok\u00e4nt nummer)<\/td><td class=\"column-2\">Barn p\u00e5 stege.<\/td><td class=\"column-3\"><a href=\"https:\/\/minavykort.com\/vykort\/wp-content\/uploads\/2025\/07\/eas-0000.jpg\"><img loading=\"lazy\" decoding=\"async\" src=\"https:\/\/minavykort.com\/vykort\/wp-content\/uploads\/2025\/07\/eas-0000-193x300.jpg\" alt=\"\" width=\"193\" height=\"300\" class=\"alignnone size-medium wp-image-12240\" srcset=\"https:\/\/minavykort.com\/vykort\/wp-content\/uploads\/2025\/07\/eas-0000-193x300.jpg 193w, https:\/\/minavykort.com\/vykort\/wp-content\/uploads\/2025\/07\/eas-0000.jpg 642w\" sizes=\"auto, (max-width: 193px) 100vw, 193px\" \/><\/a><\/td><td class=\"column-4\"><\/td><td class=\"column-5\"><\/td>\n<\/tr>\n<tr class=\"row-3\">\n\t<td class=\"column-1\">3435\/3<\/td><td class=\"column-2\">Kvinna, portr\u00e4tt<\/td><td class=\"column-3\"><a href=\"https:\/\/minavykort.com\/vykort\/wp-content\/uploads\/2025\/07\/eas-3435-3.jpg\"><img loading=\"lazy\" decoding=\"async\" src=\"https:\/\/minavykort.com\/vykort\/wp-content\/uploads\/2025\/07\/eas-3435-3-186x300.jpg\" alt=\"\" width=\"186\" height=\"300\" class=\"alignnone size-medium wp-image-12228\" srcset=\"https:\/\/minavykort.com\/vykort\/wp-content\/uploads\/2025\/07\/eas-3435-3-186x300.jpg 186w, https:\/\/minavykort.com\/vykort\/wp-content\/uploads\/2025\/07\/eas-3435-3-634x1024.jpg 634w, https:\/\/minavykort.com\/vykort\/wp-content\/uploads\/2025\/07\/eas-3435-3.jpg 658w\" sizes=\"auto, (max-width: 186px) 100vw, 186px\" \/><\/a><\/td><td class=\"column-4\"><\/td><td class=\"column-5\"><\/td>\n<\/tr>\n<tr class=\"row-4\">\n\t<td class=\"column-1\">3459\/3<\/td><td class=\"column-2\">Man och kvinna, scen<\/td><td class=\"column-3\"><a href=\"https:\/\/minavykort.com\/vykort\/wp-content\/uploads\/2025\/07\/eas-3459-3.jpg\"><img loading=\"lazy\" decoding=\"async\" src=\"https:\/\/minavykort.com\/vykort\/wp-content\/uploads\/2025\/07\/eas-3459-3-185x300.jpg\" alt=\"\" width=\"185\" height=\"300\" class=\"alignnone size-medium wp-image-12229\" srcset=\"https:\/\/minavykort.com\/vykort\/wp-content\/uploads\/2025\/07\/eas-3459-3-185x300.jpg 185w, https:\/\/minavykort.com\/vykort\/wp-content\/uploads\/2025\/07\/eas-3459-3-633x1024.jpg 633w, https:\/\/minavykort.com\/vykort\/wp-content\/uploads\/2025\/07\/eas-3459-3.jpg 658w\" sizes=\"auto, (max-width: 185px) 100vw, 185px\" \/><\/a><\/td><td class=\"column-4\"><\/td><td class=\"column-5\"><\/td>\n<\/tr>\n<tr class=\"row-5\">\n\t<td class=\"column-1\">3459\/5<\/td><td class=\"column-2\">Man och kvinna, scen<\/td><td class=\"column-3\"><a href=\"https:\/\/minavykort.com\/vykort\/wp-content\/uploads\/2025\/07\/eas-3459-5.jpg\"><img loading=\"lazy\" decoding=\"async\" src=\"https:\/\/minavykort.com\/vykort\/wp-content\/uploads\/2025\/07\/eas-3459-5-186x300.jpg\" alt=\"\" width=\"186\" height=\"300\" class=\"alignnone size-medium wp-image-12230\" srcset=\"https:\/\/minavykort.com\/vykort\/wp-content\/uploads\/2025\/07\/eas-3459-5-186x300.jpg 186w, https:\/\/minavykort.com\/vykort\/wp-content\/uploads\/2025\/07\/eas-3459-5-636x1024.jpg 636w, https:\/\/minavykort.com\/vykort\/wp-content\/uploads\/2025\/07\/eas-3459-5.jpg 661w\" sizes=\"auto, (max-width: 186px) 100vw, 186px\" \/><\/a><\/td><td class=\"column-4\"><\/td><td class=\"column-5\"><\/td>\n<\/tr>\n<tr class=\"row-6\">\n\t<td class=\"column-1\">3459\/6<\/td><td class=\"column-2\">Man och kvinna, scen<\/td><td class=\"column-3\"><a href=\"https:\/\/minavykort.com\/vykort\/wp-content\/uploads\/2025\/07\/eas-3459-6.jpg\"><img loading=\"lazy\" decoding=\"async\" src=\"https:\/\/minavykort.com\/vykort\/wp-content\/uploads\/2025\/07\/eas-3459-6-185x300.jpg\" alt=\"\" width=\"185\" height=\"300\" class=\"alignnone size-medium wp-image-12227\" srcset=\"https:\/\/minavykort.com\/vykort\/wp-content\/uploads\/2025\/07\/eas-3459-6-185x300.jpg 185w, https:\/\/minavykort.com\/vykort\/wp-content\/uploads\/2025\/07\/eas-3459-6-633x1024.jpg 633w, https:\/\/minavykort.com\/vykort\/wp-content\/uploads\/2025\/07\/eas-3459-6.jpg 656w\" sizes=\"auto, (max-width: 185px) 100vw, 185px\" \/><\/a><\/td><td class=\"column-4\"><\/td><td class=\"column-5\"><\/td>\n<\/tr>\n<tr class=\"row-7\">\n\t<td class=\"column-1\">5035\/2<\/td><td class=\"column-2\">Flicka med ok med korgar och blommor.<\/td><td class=\"column-3\"><a href=\"https:\/\/minavykort.com\/vykort\/wp-content\/uploads\/2025\/07\/eas-5035-2.jpg\"><img loading=\"lazy\" decoding=\"async\" src=\"https:\/\/minavykort.com\/vykort\/wp-content\/uploads\/2025\/07\/eas-5035-2-189x300.jpg\" alt=\"\" width=\"189\" height=\"300\" class=\"alignnone size-medium wp-image-12239\" srcset=\"https:\/\/minavykort.com\/vykort\/wp-content\/uploads\/2025\/07\/eas-5035-2-189x300.jpg 189w, https:\/\/minavykort.com\/vykort\/wp-content\/uploads\/2025\/07\/eas-5035-2.jpg 629w\" sizes=\"auto, (max-width: 189px) 100vw, 189px\" \/><\/a><\/td><td class=\"column-4\"><\/td><td class=\"column-5\"><\/td>\n<\/tr>\n<\/tbody>\n<\/table>\n<!-- #tablepress-41 from cache -->\n<h3 data-start=\"131\" data-end=\"169\"><strong data-start=\"138\" data-end=\"169\">Ernst Apel &amp; Serie (EAS)<\/strong><\/h3>\n<p data-start=\"171\" data-end=\"418\">Ernst Apel var en tysk f\u00f6rl\u00e4ggare och fotografiverksam akt\u00f6r, troligen baserad i Leipzig eller Dresden, som producerade fotografiska vykort under b\u00f6rjan av 1900-talet \u2013 mest intensivt mellan cirka 1900\u20131920.<\/p>\n<p data-start=\"171\" data-end=\"418\">Logotypen \u00e4r ett hj\u00e4rta med &#8221;EAS&#8221; inuti.<\/p>\n<p>M\u00e5nga av kvinnorna p\u00e5 EAS-korten var k\u00e4nda aktriser, s\u00e5ngerskor eller scenpersonligheter fr\u00e5n den tiden \u2013 men tyv\u00e4rr \u00e4r modellerna inte alltid identifierade. Bildstilen var popul\u00e4r bland samlare och postkortsk\u00f6pare, och korten s\u00e5ldes i stora upplagor i hela Europa.<\/p>\n","protected":false},"excerpt":{"rendered":"<p>Ernst Apel &amp; Serie &#8211; Tyskland Ernst Apel &amp; Serie (EAS) Ernst Apel var en tysk f\u00f6rl\u00e4ggare och fotografiverksam akt\u00f6r, troligen baserad i Leipzig eller Dresden, som producerade fotografiska vykort under b\u00f6rjan av 1900-talet \u2013 mest intensivt mellan cirka 1900\u20131920. Logotypen \u00e4r ett hj\u00e4rta med &#8221;EAS&#8221; inuti. M\u00e5nga av kvinnorna p\u00e5 EAS-korten var k\u00e4nda aktriser, [&hellip;]<\/p>\n","protected":false},"author":1,"featured_media":0,"parent":10490,"menu_order":0,"comment_status":"closed","ping_status":"closed","template":"","meta":{"wikipediapreview_detectlinks":true,"site-container-style":"default","site-container-layout":"default","site-sidebar-layout":"default","site-transparent-header":"default","disable-article-header":"default","disable-site-header":"default","disable-site-footer":"default","disable-content-area-spacing":"default","ngg_post_thumbnail":0,"footnotes":""},"folder":[],"class_list":["post-12232","page","type-page","status-publish","hentry"],"_links":{"self":[{"href":"https:\/\/minavykort.com\/vykort\/wp-json\/wp\/v2\/pages\/12232","targetHints":{"allow":["GET"]}}],"collection":[{"href":"https:\/\/minavykort.com\/vykort\/wp-json\/wp\/v2\/pages"}],"about":[{"href":"https:\/\/minavykort.com\/vykort\/wp-json\/wp\/v2\/types\/page"}],"author":[{"embeddable":true,"href":"https:\/\/minavykort.com\/vykort\/wp-json\/wp\/v2\/users\/1"}],"replies":[{"embeddable":true,"href":"https:\/\/minavykort.com\/vykort\/wp-json\/wp\/v2\/comments?post=12232"}],"version-history":[{"count":4,"href":"https:\/\/minavykort.com\/vykort\/wp-json\/wp\/v2\/pages\/12232\/revisions"}],"predecessor-version":[{"id":12237,"href":"https:\/\/minavykort.com\/vykort\/wp-json\/wp\/v2\/pages\/12232\/revisions\/12237"}],"up":[{"embeddable":true,"href":"https:\/\/minavykort.com\/vykort\/wp-json\/wp\/v2\/pages\/10490"}],"wp:attachment":[{"href":"https:\/\/minavykort.com\/vykort\/wp-json\/wp\/v2\/media?parent=12232"}],"wp:term":[{"taxonomy":"folder","embeddable":true,"href":"https:\/\/minavykort.com\/vykort\/wp-json\/wp\/v2\/folder?post=12232"}],"curies":[{"name":"wp","href":"https:\/\/api.w.org\/{rel}","templated":true}]}}