{"id":11996,"date":"2025-07-03T20:29:47","date_gmt":"2025-07-03T20:29:47","guid":{"rendered":"https:\/\/minavykort.com\/vykort\/?page_id=11996"},"modified":"2025-07-03T20:29:47","modified_gmt":"2025-07-03T20:29:47","slug":"martin-rommel-co-stuttgart","status":"publish","type":"page","link":"https:\/\/minavykort.com\/vykort\/referensmaterial\/p-o\/martin-rommel-co-stuttgart\/","title":{"rendered":"Martin Rommel &#038; Co &#8211; Stuttgart"},"content":{"rendered":"<p>Martin Rommel &amp; Co<\/p>\n\n<table id=\"tablepress-37\" class=\"tablepress tablepress-id-37\">\n<thead>\n<tr class=\"row-1\">\n\t<th class=\"column-1\"><strong>Nummer<\/strong><\/th><th class=\"column-2\"><strong>Motiv<\/strong><\/th><th class=\"column-3\"><strong>Bild<\/strong><\/th><th class=\"column-4\"><strong>Kommentar<\/strong><\/th><th class=\"column-5\"><strong>Annat F\u00f6rlag<\/strong><\/th>\n<\/tr>\n<\/thead>\n<tbody class=\"row-striping row-hover\">\n<tr class=\"row-2\">\n\t<td class=\"column-1\">596<\/td><td class=\"column-2\">Globeflower <br \/>\n(Trollius europaeus)<\/td><td class=\"column-3\"><a href=\"https:\/\/minavykort.com\/vykort\/wp-content\/uploads\/2025\/07\/rommel-596.jpg\"><img loading=\"lazy\" decoding=\"async\" src=\"https:\/\/minavykort.com\/vykort\/wp-content\/uploads\/2025\/07\/rommel-596-189x300.jpg\" alt=\"\" width=\"189\" height=\"300\" class=\"alignnone size-medium wp-image-12003\" srcset=\"https:\/\/minavykort.com\/vykort\/wp-content\/uploads\/2025\/07\/rommel-596-189x300.jpg 189w, https:\/\/minavykort.com\/vykort\/wp-content\/uploads\/2025\/07\/rommel-596-644x1024.jpg 644w, https:\/\/minavykort.com\/vykort\/wp-content\/uploads\/2025\/07\/rommel-596.jpg 685w\" sizes=\"auto, (max-width: 189px) 100vw, 189px\" \/><\/a><\/td><td class=\"column-4\"><\/td><td class=\"column-5\"><\/td>\n<\/tr>\n<tr class=\"row-3\">\n\t<td class=\"column-1\">708<\/td><td class=\"column-2\">Whitecurrant <br \/>\n(Ribes rubrum)<\/td><td class=\"column-3\"><a href=\"https:\/\/minavykort.com\/vykort\/wp-content\/uploads\/2025\/07\/rommel-708.jpg\"><img loading=\"lazy\" decoding=\"async\" src=\"https:\/\/minavykort.com\/vykort\/wp-content\/uploads\/2025\/07\/rommel-708-190x300.jpg\" alt=\"\" width=\"190\" height=\"300\" class=\"alignnone size-medium wp-image-12002\" srcset=\"https:\/\/minavykort.com\/vykort\/wp-content\/uploads\/2025\/07\/rommel-708-190x300.jpg 190w, https:\/\/minavykort.com\/vykort\/wp-content\/uploads\/2025\/07\/rommel-708-647x1024.jpg 647w, https:\/\/minavykort.com\/vykort\/wp-content\/uploads\/2025\/07\/rommel-708.jpg 685w\" sizes=\"auto, (max-width: 190px) 100vw, 190px\" \/><\/a><\/td><td class=\"column-4\"><\/td><td class=\"column-5\"><\/td>\n<\/tr>\n<\/tbody>\n<\/table>\n<!-- #tablepress-37 from cache -->\n<p>Martin Rommel &amp; Co. grundades 1870 i Stuttgart som en Hofkunstanstalt, allts\u00e5 ett konstn\u00e4rligt tryckeri med hovleverant\u00f6rsstatus. Det omfattade ca 22 anst\u00e4llda och drev sex \u00e5ngdrivna tryckpressar f\u00f6r f\u00e4rg-collotypi (Lichtdruck).<\/p>\n<p>De producerade collotype-printar i flera f\u00e4rger, framf\u00f6r allt f\u00f6r tyska och \u00f6sterrikiska marknader, men exporterade \u00e4ven till England och Belgien.<\/p>\n<p>F\u00f6rlaget var aktivt fr\u00e5n 1870 till cirka 1935.<\/p>\n","protected":false},"excerpt":{"rendered":"<p>Martin Rommel &amp; Co Martin Rommel &amp; Co. grundades 1870 i Stuttgart som en Hofkunstanstalt, allts\u00e5 ett konstn\u00e4rligt tryckeri med hovleverant\u00f6rsstatus. Det omfattade ca 22 anst\u00e4llda och drev sex \u00e5ngdrivna tryckpressar f\u00f6r f\u00e4rg-collotypi (Lichtdruck). De producerade collotype-printar i flera f\u00e4rger, framf\u00f6r allt f\u00f6r tyska och \u00f6sterrikiska marknader, men exporterade \u00e4ven till England och Belgien. F\u00f6rlaget [&hellip;]<\/p>\n","protected":false},"author":1,"featured_media":0,"parent":10495,"menu_order":0,"comment_status":"closed","ping_status":"closed","template":"","meta":{"wikipediapreview_detectlinks":true,"site-container-style":"default","site-container-layout":"default","site-sidebar-layout":"default","site-transparent-header":"default","disable-article-header":"default","disable-site-header":"default","disable-site-footer":"default","disable-content-area-spacing":"default","ngg_post_thumbnail":0,"footnotes":""},"folder":[],"class_list":["post-11996","page","type-page","status-publish","hentry"],"_links":{"self":[{"href":"https:\/\/minavykort.com\/vykort\/wp-json\/wp\/v2\/pages\/11996","targetHints":{"allow":["GET"]}}],"collection":[{"href":"https:\/\/minavykort.com\/vykort\/wp-json\/wp\/v2\/pages"}],"about":[{"href":"https:\/\/minavykort.com\/vykort\/wp-json\/wp\/v2\/types\/page"}],"author":[{"embeddable":true,"href":"https:\/\/minavykort.com\/vykort\/wp-json\/wp\/v2\/users\/1"}],"replies":[{"embeddable":true,"href":"https:\/\/minavykort.com\/vykort\/wp-json\/wp\/v2\/comments?post=11996"}],"version-history":[{"count":1,"href":"https:\/\/minavykort.com\/vykort\/wp-json\/wp\/v2\/pages\/11996\/revisions"}],"predecessor-version":[{"id":11999,"href":"https:\/\/minavykort.com\/vykort\/wp-json\/wp\/v2\/pages\/11996\/revisions\/11999"}],"up":[{"embeddable":true,"href":"https:\/\/minavykort.com\/vykort\/wp-json\/wp\/v2\/pages\/10495"}],"wp:attachment":[{"href":"https:\/\/minavykort.com\/vykort\/wp-json\/wp\/v2\/media?parent=11996"}],"wp:term":[{"taxonomy":"folder","embeddable":true,"href":"https:\/\/minavykort.com\/vykort\/wp-json\/wp\/v2\/folder?post=11996"}],"curies":[{"name":"wp","href":"https:\/\/api.w.org\/{rel}","templated":true}]}}