{"id":11975,"date":"2025-07-03T18:00:06","date_gmt":"2025-07-03T18:00:06","guid":{"rendered":"https:\/\/minavykort.com\/vykort\/?page_id=11975"},"modified":"2025-07-03T18:00:06","modified_gmt":"2025-07-03T18:00:06","slug":"ove-olstad-vykortsforlag","status":"publish","type":"page","link":"https:\/\/minavykort.com\/vykort\/referensmaterial\/g-o\/ove-olstad-vykortsforlag\/","title":{"rendered":"Ove Olstad Vykortsf\u00f6rlag"},"content":{"rendered":"<p>Ove Olstad Vykortsf\u00f6rlag<\/p>\n\n<table id=\"tablepress-32\" class=\"tablepress tablepress-id-32\">\n<thead>\n<tr class=\"row-1\">\n\t<th class=\"column-1\"><strong>Nummer<\/strong><\/th><th class=\"column-2\"><strong>Motiv<\/strong><\/th><th class=\"column-3\"><strong>Bild<\/strong><\/th><th class=\"column-4\"><strong>Kommentar<\/strong><\/th><th class=\"column-5\"><strong>Annat F\u00f6rlag<\/strong><\/th>\n<\/tr>\n<\/thead>\n<tbody class=\"row-striping row-hover\">\n<tr class=\"row-2\">\n\t<td class=\"column-1\">19<\/td><td class=\"column-2\">H\u00e4lsning fr\u00e5n Dalarna.<\/td><td class=\"column-3\"><a href=\"https:\/\/minavykort.com\/vykort\/wp-content\/uploads\/2025\/05\/olstad-19.jpg\"><img loading=\"lazy\" decoding=\"async\" src=\"https:\/\/minavykort.com\/vykort\/wp-content\/uploads\/2025\/05\/olstad-19-300x213.jpg\" alt=\"\" width=\"300\" height=\"213\" class=\"alignnone size-medium wp-image-11490\" srcset=\"https:\/\/minavykort.com\/vykort\/wp-content\/uploads\/2025\/05\/olstad-19-300x213.jpg 300w, https:\/\/minavykort.com\/vykort\/wp-content\/uploads\/2025\/05\/olstad-19-1024x725.jpg 1024w, https:\/\/minavykort.com\/vykort\/wp-content\/uploads\/2025\/05\/olstad-19-768x544.jpg 768w, https:\/\/minavykort.com\/vykort\/wp-content\/uploads\/2025\/05\/olstad-19.jpg 1152w\" sizes=\"auto, (max-width: 300px) 100vw, 300px\" \/><\/a><\/td><td class=\"column-4\"><\/td><td class=\"column-5\"><\/td>\n<\/tr>\n<tr class=\"row-3\">\n\t<td class=\"column-1\">35<\/td><td class=\"column-2\">Norrboda Gammelg\u00e5rd, flerbild 2.<\/td><td class=\"column-3\"><a href=\"https:\/\/minavykort.com\/vykort\/wp-content\/uploads\/2025\/05\/olstad-35.jpg\"><img loading=\"lazy\" decoding=\"async\" src=\"https:\/\/minavykort.com\/vykort\/wp-content\/uploads\/2025\/05\/olstad-35-300x214.jpg\" alt=\"\" width=\"300\" height=\"214\" class=\"alignnone size-medium wp-image-11491\" srcset=\"https:\/\/minavykort.com\/vykort\/wp-content\/uploads\/2025\/05\/olstad-35-300x214.jpg 300w, https:\/\/minavykort.com\/vykort\/wp-content\/uploads\/2025\/05\/olstad-35-1024x731.jpg 1024w, https:\/\/minavykort.com\/vykort\/wp-content\/uploads\/2025\/05\/olstad-35-768x548.jpg 768w, https:\/\/minavykort.com\/vykort\/wp-content\/uploads\/2025\/05\/olstad-35.jpg 1133w\" sizes=\"auto, (max-width: 300px) 100vw, 300px\" \/><\/a><\/td><td class=\"column-4\"><\/td><td class=\"column-5\"><\/td>\n<\/tr>\n<tr class=\"row-4\">\n\t<td class=\"column-1\">52 b<\/td><td class=\"column-2\">S\u00e4lenfj\u00e4llen.<\/td><td class=\"column-3\"><a href=\"https:\/\/minavykort.com\/vykort\/wp-content\/uploads\/2025\/05\/olstad-52-b.jpg\"><img loading=\"lazy\" decoding=\"async\" src=\"https:\/\/minavykort.com\/vykort\/wp-content\/uploads\/2025\/05\/olstad-52-b-210x300.jpg\" alt=\"\" width=\"210\" height=\"300\" class=\"alignnone size-medium wp-image-11492\" srcset=\"https:\/\/minavykort.com\/vykort\/wp-content\/uploads\/2025\/05\/olstad-52-b-210x300.jpg 210w, https:\/\/minavykort.com\/vykort\/wp-content\/uploads\/2025\/05\/olstad-52-b-718x1024.jpg 718w, https:\/\/minavykort.com\/vykort\/wp-content\/uploads\/2025\/05\/olstad-52-b-768x1095.jpg 768w, https:\/\/minavykort.com\/vykort\/wp-content\/uploads\/2025\/05\/olstad-52-b.jpg 810w\" sizes=\"auto, (max-width: 210px) 100vw, 210px\" \/><\/a><\/td><td class=\"column-4\"><\/td><td class=\"column-5\"><\/td>\n<\/tr>\n<tr class=\"row-5\">\n\t<td class=\"column-1\">138<\/td><td class=\"column-2\">H\u00e4lsning fr\u00e5n Dalarna, flerbild 3.<\/td><td class=\"column-3\"><a href=\"https:\/\/minavykort.com\/vykort\/wp-content\/uploads\/2025\/05\/olstad-138.jpg\"><img loading=\"lazy\" decoding=\"async\" src=\"https:\/\/minavykort.com\/vykort\/wp-content\/uploads\/2025\/05\/olstad-138-300x211.jpg\" alt=\"\" width=\"300\" height=\"211\" class=\"alignnone size-medium wp-image-11493\" srcset=\"https:\/\/minavykort.com\/vykort\/wp-content\/uploads\/2025\/05\/olstad-138-300x211.jpg 300w, https:\/\/minavykort.com\/vykort\/wp-content\/uploads\/2025\/05\/olstad-138-1024x721.jpg 1024w, https:\/\/minavykort.com\/vykort\/wp-content\/uploads\/2025\/05\/olstad-138-768x540.jpg 768w, https:\/\/minavykort.com\/vykort\/wp-content\/uploads\/2025\/05\/olstad-138.jpg 1144w\" sizes=\"auto, (max-width: 300px) 100vw, 300px\" \/><\/a><\/td><td class=\"column-4\"><\/td><td class=\"column-5\"><\/td>\n<\/tr>\n<tr class=\"row-6\">\n\t<td class=\"column-1\">186<\/td><td class=\"column-2\">H\u00e4lsning fr\u00e5n Dalarna. Flerbild 3.<\/td><td class=\"column-3\"><a href=\"https:\/\/minavykort.com\/vykort\/wp-content\/uploads\/2025\/05\/olstad-186.jpg\"><img loading=\"lazy\" decoding=\"async\" src=\"https:\/\/minavykort.com\/vykort\/wp-content\/uploads\/2025\/05\/olstad-186-300x211.jpg\" alt=\"\" width=\"300\" height=\"211\" class=\"alignnone size-medium wp-image-11494\" srcset=\"https:\/\/minavykort.com\/vykort\/wp-content\/uploads\/2025\/05\/olstad-186-300x211.jpg 300w, https:\/\/minavykort.com\/vykort\/wp-content\/uploads\/2025\/05\/olstad-186-1024x720.jpg 1024w, https:\/\/minavykort.com\/vykort\/wp-content\/uploads\/2025\/05\/olstad-186-768x540.jpg 768w, https:\/\/minavykort.com\/vykort\/wp-content\/uploads\/2025\/05\/olstad-186.jpg 1154w\" sizes=\"auto, (max-width: 300px) 100vw, 300px\" \/><\/a><\/td><td class=\"column-4\"><\/td><td class=\"column-5\"><\/td>\n<\/tr>\n<tr class=\"row-7\">\n\t<td class=\"column-1\">289<\/td><td class=\"column-2\">\u00d6sterdal\u00e4lven vid \u00c5sen.<\/td><td class=\"column-3\"><a href=\"https:\/\/minavykort.com\/vykort\/wp-content\/uploads\/2025\/05\/olstad-289.jpg\"><img loading=\"lazy\" decoding=\"async\" src=\"https:\/\/minavykort.com\/vykort\/wp-content\/uploads\/2025\/05\/olstad-289-300x211.jpg\" alt=\"\" width=\"300\" height=\"211\" class=\"alignnone size-medium wp-image-11495\" srcset=\"https:\/\/minavykort.com\/vykort\/wp-content\/uploads\/2025\/05\/olstad-289-300x211.jpg 300w, https:\/\/minavykort.com\/vykort\/wp-content\/uploads\/2025\/05\/olstad-289-1024x721.jpg 1024w, https:\/\/minavykort.com\/vykort\/wp-content\/uploads\/2025\/05\/olstad-289-768x541.jpg 768w, https:\/\/minavykort.com\/vykort\/wp-content\/uploads\/2025\/05\/olstad-289.jpg 1146w\" sizes=\"auto, (max-width: 300px) 100vw, 300px\" \/><\/a><\/td><td class=\"column-4\"><\/td><td class=\"column-5\"><\/td>\n<\/tr>\n<tr class=\"row-8\">\n\t<td class=\"column-1\">327<\/td><td class=\"column-2\">\u00d6sterdal\u00e4lven. Gopshus, Alder\u00e4ngarna, \u00c4lvdalen, V\u00e4sa. Fl\u00f6erbild 4<\/td><td class=\"column-3\"><a href=\"https:\/\/minavykort.com\/vykort\/wp-content\/uploads\/2025\/05\/olstad-327.jpg\"><img loading=\"lazy\" decoding=\"async\" src=\"https:\/\/minavykort.com\/vykort\/wp-content\/uploads\/2025\/05\/olstad-327-300x211.jpg\" alt=\"\" width=\"300\" height=\"211\" class=\"alignnone size-medium wp-image-11496\" srcset=\"https:\/\/minavykort.com\/vykort\/wp-content\/uploads\/2025\/05\/olstad-327-300x211.jpg 300w, https:\/\/minavykort.com\/vykort\/wp-content\/uploads\/2025\/05\/olstad-327-1024x719.jpg 1024w, https:\/\/minavykort.com\/vykort\/wp-content\/uploads\/2025\/05\/olstad-327-768x540.jpg 768w, https:\/\/minavykort.com\/vykort\/wp-content\/uploads\/2025\/05\/olstad-327.jpg 1160w\" sizes=\"auto, (max-width: 300px) 100vw, 300px\" \/><\/a><\/td><td class=\"column-4\"><\/td><td class=\"column-5\"><\/td>\n<\/tr>\n<tr class=\"row-9\">\n\t<td class=\"column-1\">706<\/td><td class=\"column-2\">Idrefj\u00e4ll, flerbild 4.<\/td><td class=\"column-3\"><a href=\"https:\/\/minavykort.com\/vykort\/wp-content\/uploads\/2025\/05\/olstad-706.jpg\"><img loading=\"lazy\" decoding=\"async\" src=\"https:\/\/minavykort.com\/vykort\/wp-content\/uploads\/2025\/05\/olstad-706-300x211.jpg\" alt=\"\" width=\"300\" height=\"211\" class=\"alignnone size-medium wp-image-11489\" srcset=\"https:\/\/minavykort.com\/vykort\/wp-content\/uploads\/2025\/05\/olstad-706-300x211.jpg 300w, https:\/\/minavykort.com\/vykort\/wp-content\/uploads\/2025\/05\/olstad-706-1024x719.jpg 1024w, https:\/\/minavykort.com\/vykort\/wp-content\/uploads\/2025\/05\/olstad-706-768x539.jpg 768w, https:\/\/minavykort.com\/vykort\/wp-content\/uploads\/2025\/05\/olstad-706.jpg 1154w\" sizes=\"auto, (max-width: 300px) 100vw, 300px\" \/><\/a><\/td><td class=\"column-4\"><\/td><td class=\"column-5\"><\/td>\n<\/tr>\n<tr class=\"row-10\">\n\t<td class=\"column-1\"><\/td><td class=\"column-2\"><\/td><td class=\"column-3\"><\/td><td class=\"column-4\"><\/td><td class=\"column-5\"><\/td>\n<\/tr>\n<\/tbody>\n<\/table>\n<!-- #tablepress-32 from cache -->\n","protected":false},"excerpt":{"rendered":"<p>Ove Olstad Vykortsf\u00f6rlag<\/p>\n","protected":false},"author":1,"featured_media":0,"parent":10493,"menu_order":0,"comment_status":"closed","ping_status":"closed","template":"","meta":{"wikipediapreview_detectlinks":true,"site-container-style":"default","site-container-layout":"default","site-sidebar-layout":"default","site-transparent-header":"default","disable-article-header":"default","disable-site-header":"default","disable-site-footer":"default","disable-content-area-spacing":"default","ngg_post_thumbnail":0,"footnotes":""},"folder":[],"class_list":["post-11975","page","type-page","status-publish","hentry"],"_links":{"self":[{"href":"https:\/\/minavykort.com\/vykort\/wp-json\/wp\/v2\/pages\/11975","targetHints":{"allow":["GET"]}}],"collection":[{"href":"https:\/\/minavykort.com\/vykort\/wp-json\/wp\/v2\/pages"}],"about":[{"href":"https:\/\/minavykort.com\/vykort\/wp-json\/wp\/v2\/types\/page"}],"author":[{"embeddable":true,"href":"https:\/\/minavykort.com\/vykort\/wp-json\/wp\/v2\/users\/1"}],"replies":[{"embeddable":true,"href":"https:\/\/minavykort.com\/vykort\/wp-json\/wp\/v2\/comments?post=11975"}],"version-history":[{"count":1,"href":"https:\/\/minavykort.com\/vykort\/wp-json\/wp\/v2\/pages\/11975\/revisions"}],"predecessor-version":[{"id":11976,"href":"https:\/\/minavykort.com\/vykort\/wp-json\/wp\/v2\/pages\/11975\/revisions\/11976"}],"up":[{"embeddable":true,"href":"https:\/\/minavykort.com\/vykort\/wp-json\/wp\/v2\/pages\/10493"}],"wp:attachment":[{"href":"https:\/\/minavykort.com\/vykort\/wp-json\/wp\/v2\/media?parent=11975"}],"wp:term":[{"taxonomy":"folder","embeddable":true,"href":"https:\/\/minavykort.com\/vykort\/wp-json\/wp\/v2\/folder?post=11975"}],"curies":[{"name":"wp","href":"https:\/\/api.w.org\/{rel}","templated":true}]}}