{"id":10464,"date":"2025-04-22T20:58:37","date_gmt":"2025-04-22T20:58:37","guid":{"rendered":"https:\/\/minavykort.com\/vykort\/?page_id=10464"},"modified":"2025-05-10T21:02:13","modified_gmt":"2025-05-10T21:02:13","slug":"gote-emteus-ab-stockholm","status":"publish","type":"page","link":"https:\/\/minavykort.com\/vykort\/referensmaterial\/gote-emteus-ab-stockholm\/","title":{"rendered":"G\u00f6te Emteus AB &#8211; Stockholm"},"content":{"rendered":"<p style=\"text-align: center;\"><a href=\"https:\/\/minavykort.com\/vykort\/wp-content\/uploads\/2025\/04\/emteus-logo-1.jpg\"><img loading=\"lazy\" decoding=\"async\" class=\"alignnone size-full wp-image-10466\" src=\"https:\/\/minavykort.com\/vykort\/wp-content\/uploads\/2025\/04\/emteus-logo-1.jpg\" alt=\"\" width=\"239\" height=\"32\"><\/a><\/p>\n\n<table id=\"tablepress-21\" class=\"tablepress tablepress-id-21\">\n<thead>\n<tr class=\"row-1\">\n\t<th class=\"column-1\"><strong>Nummer<\/strong><\/th><th class=\"column-2\"><strong>Motiv<\/strong><\/th><th class=\"column-3\"><strong>Bild<\/strong><\/th><th class=\"column-4\"><strong>Kommentar<\/strong><\/th><th class=\"column-5\"><strong>Annat F\u00f6rlag<\/strong><\/th>\n<\/tr>\n<\/thead>\n<tbody class=\"row-striping row-hover\">\n<tr class=\"row-2\">\n\t<td class=\"column-1\">0000 (Onumrerat)<\/td><td class=\"column-2\">Stockholm, flerbild 9<\/td><td class=\"column-3\"><a href=\"https:\/\/minavykort.com\/vykort\/wp-content\/uploads\/2025\/04\/emteus-0000.jpg\"><img loading=\"lazy\" decoding=\"async\" src=\"https:\/\/minavykort.com\/vykort\/wp-content\/uploads\/2025\/04\/emteus-0000-300x216.jpg\" alt=\"\" width=\"300\" height=\"216\" class=\"alignnone size-medium wp-image-10462\" srcset=\"https:\/\/minavykort.com\/vykort\/wp-content\/uploads\/2025\/04\/emteus-0000-300x216.jpg 300w, https:\/\/minavykort.com\/vykort\/wp-content\/uploads\/2025\/04\/emteus-0000-1024x739.jpg 1024w, https:\/\/minavykort.com\/vykort\/wp-content\/uploads\/2025\/04\/emteus-0000-768x554.jpg 768w, https:\/\/minavykort.com\/vykort\/wp-content\/uploads\/2025\/04\/emteus-0000.jpg 1146w\" sizes=\"auto, (max-width: 300px) 100vw, 300px\" \/><\/a><\/td><td class=\"column-4\"><\/td><td class=\"column-5\"><\/td>\n<\/tr>\n<tr class=\"row-3\">\n\t<td class=\"column-1\">0001 (Onumrerat)<\/td><td class=\"column-2\">Stockholm, Utsikt fr\u00e5n Skinnaviksbergen<\/td><td class=\"column-3\"><a href=\"https:\/\/minavykort.com\/vykort\/wp-content\/uploads\/2025\/04\/emteus-0001.jpg\"><img loading=\"lazy\" decoding=\"async\" src=\"https:\/\/minavykort.com\/vykort\/wp-content\/uploads\/2025\/04\/emteus-0001-300x214.jpg\" alt=\"\" width=\"300\" height=\"214\" class=\"alignnone size-medium wp-image-10461\" srcset=\"https:\/\/minavykort.com\/vykort\/wp-content\/uploads\/2025\/04\/emteus-0001-300x214.jpg 300w, https:\/\/minavykort.com\/vykort\/wp-content\/uploads\/2025\/04\/emteus-0001-1024x729.jpg 1024w, https:\/\/minavykort.com\/vykort\/wp-content\/uploads\/2025\/04\/emteus-0001-768x547.jpg 768w, https:\/\/minavykort.com\/vykort\/wp-content\/uploads\/2025\/04\/emteus-0001.jpg 1162w\" sizes=\"auto, (max-width: 300px) 100vw, 300px\" \/><\/a><\/td><td class=\"column-4\"><\/td><td class=\"column-5\"><\/td>\n<\/tr>\n<tr class=\"row-4\">\n\t<td class=\"column-1\">GE-10<\/td><td class=\"column-2\">Stockholm, Kakn\u00e4stornet.<\/td><td class=\"column-3\"><a href=\"https:\/\/minavykort.com\/vykort\/wp-content\/uploads\/2025\/04\/emteus-ge-10.jpg\"><img loading=\"lazy\" decoding=\"async\" src=\"https:\/\/minavykort.com\/vykort\/wp-content\/uploads\/2025\/04\/emteus-ge-10-211x300.jpg\" alt=\"\" width=\"211\" height=\"300\" class=\"alignnone size-medium wp-image-10560\" srcset=\"https:\/\/minavykort.com\/vykort\/wp-content\/uploads\/2025\/04\/emteus-ge-10-211x300.jpg 211w, https:\/\/minavykort.com\/vykort\/wp-content\/uploads\/2025\/04\/emteus-ge-10-722x1024.jpg 722w, https:\/\/minavykort.com\/vykort\/wp-content\/uploads\/2025\/04\/emteus-ge-10-768x1090.jpg 768w, https:\/\/minavykort.com\/vykort\/wp-content\/uploads\/2025\/04\/emteus-ge-10.jpg 816w\" sizes=\"auto, (max-width: 211px) 100vw, 211px\" \/><\/a><\/td><td class=\"column-4\"><\/td><td class=\"column-5\"><\/td>\n<\/tr>\n<tr class=\"row-5\">\n\t<td class=\"column-1\">GE-13<\/td><td class=\"column-2\">Stockholm, Stadshuset<\/td><td class=\"column-3\"><a href=\"https:\/\/minavykort.com\/vykort\/wp-content\/uploads\/2025\/10\/emteus-ge-13-1.jpg\"><img loading=\"lazy\" decoding=\"async\" src=\"https:\/\/minavykort.com\/vykort\/wp-content\/uploads\/2025\/10\/emteus-ge-13-1-300x216.jpg\" alt=\"\" width=\"300\" height=\"216\" class=\"alignnone size-medium wp-image-12297\" srcset=\"https:\/\/minavykort.com\/vykort\/wp-content\/uploads\/2025\/10\/emteus-ge-13-1-300x216.jpg 300w, https:\/\/minavykort.com\/vykort\/wp-content\/uploads\/2025\/10\/emteus-ge-13-1-1024x737.jpg 1024w, https:\/\/minavykort.com\/vykort\/wp-content\/uploads\/2025\/10\/emteus-ge-13-1-768x553.jpg 768w, https:\/\/minavykort.com\/vykort\/wp-content\/uploads\/2025\/10\/emteus-ge-13-1.jpg 1149w\" sizes=\"auto, (max-width: 300px) 100vw, 300px\" \/><\/a><\/td><td class=\"column-4\"><\/td><td class=\"column-5\"><\/td>\n<\/tr>\n<tr class=\"row-6\">\n\t<td class=\"column-1\">GE-19<\/td><td class=\"column-2\">Stockholm, Riddarholmskyrkan<\/td><td class=\"column-3\"><a href=\"https:\/\/minavykort.com\/vykort\/wp-content\/uploads\/2025\/10\/emteus-ge-19-1.jpg\"><img loading=\"lazy\" decoding=\"async\" src=\"https:\/\/minavykort.com\/vykort\/wp-content\/uploads\/2025\/10\/emteus-ge-19-1-207x300.jpg\" alt=\"\" width=\"207\" height=\"300\" class=\"alignnone size-medium wp-image-12298\" srcset=\"https:\/\/minavykort.com\/vykort\/wp-content\/uploads\/2025\/10\/emteus-ge-19-1-207x300.jpg 207w, https:\/\/minavykort.com\/vykort\/wp-content\/uploads\/2025\/10\/emteus-ge-19-1-707x1024.jpg 707w, https:\/\/minavykort.com\/vykort\/wp-content\/uploads\/2025\/10\/emteus-ge-19-1-768x1112.jpg 768w, https:\/\/minavykort.com\/vykort\/wp-content\/uploads\/2025\/10\/emteus-ge-19-1.jpg 810w\" sizes=\"auto, (max-width: 207px) 100vw, 207px\" \/><\/a><\/td><td class=\"column-4\"><\/td><td class=\"column-5\"><\/td>\n<\/tr>\n<tr class=\"row-7\">\n\t<td class=\"column-1\">GE-36<\/td><td class=\"column-2\">Stockholm, Strandv\u00e4gen<\/td><td class=\"column-3\"><a href=\"https:\/\/minavykort.com\/vykort\/wp-content\/uploads\/2025\/10\/emteus-ge-36-1.jpg\"><img loading=\"lazy\" decoding=\"async\" src=\"https:\/\/minavykort.com\/vykort\/wp-content\/uploads\/2025\/10\/emteus-ge-36-1-300x215.jpg\" alt=\"\" width=\"300\" height=\"215\" class=\"alignnone size-medium wp-image-12299\" srcset=\"https:\/\/minavykort.com\/vykort\/wp-content\/uploads\/2025\/10\/emteus-ge-36-1-300x215.jpg 300w, https:\/\/minavykort.com\/vykort\/wp-content\/uploads\/2025\/10\/emteus-ge-36-1-1024x734.jpg 1024w, https:\/\/minavykort.com\/vykort\/wp-content\/uploads\/2025\/10\/emteus-ge-36-1-768x551.jpg 768w, https:\/\/minavykort.com\/vykort\/wp-content\/uploads\/2025\/10\/emteus-ge-36-1.jpg 1149w\" sizes=\"auto, (max-width: 300px) 100vw, 300px\" \/><\/a><\/td><td class=\"column-4\"><\/td><td class=\"column-5\"><\/td>\n<\/tr>\n<tr class=\"row-8\">\n\t<td class=\"column-1\">GE-37<\/td><td class=\"column-2\">Stockholm, Nybroviken<\/td><td class=\"column-3\"><a href=\"https:\/\/minavykort.com\/vykort\/wp-content\/uploads\/2025\/10\/emteus-ge-37-1.jpg\"><img loading=\"lazy\" decoding=\"async\" src=\"https:\/\/minavykort.com\/vykort\/wp-content\/uploads\/2025\/10\/emteus-ge-37-1-300x217.jpg\" alt=\"\" width=\"300\" height=\"217\" class=\"alignnone size-medium wp-image-12300\" srcset=\"https:\/\/minavykort.com\/vykort\/wp-content\/uploads\/2025\/10\/emteus-ge-37-1-300x217.jpg 300w, https:\/\/minavykort.com\/vykort\/wp-content\/uploads\/2025\/10\/emteus-ge-37-1-1024x740.jpg 1024w, https:\/\/minavykort.com\/vykort\/wp-content\/uploads\/2025\/10\/emteus-ge-37-1-768x555.jpg 768w, https:\/\/minavykort.com\/vykort\/wp-content\/uploads\/2025\/10\/emteus-ge-37-1.jpg 1149w\" sizes=\"auto, (max-width: 300px) 100vw, 300px\" \/><\/a><\/td><td class=\"column-4\"><\/td><td class=\"column-5\"><\/td>\n<\/tr>\n<tr class=\"row-9\">\n\t<td class=\"column-1\">GE-41<\/td><td class=\"column-2\">Stockholm, Kungliga slottet<\/td><td class=\"column-3\"><a href=\"https:\/\/minavykort.com\/vykort\/wp-content\/uploads\/2025\/10\/emteus-ge-41-1.jpg\"><img loading=\"lazy\" decoding=\"async\" src=\"https:\/\/minavykort.com\/vykort\/wp-content\/uploads\/2025\/10\/emteus-ge-41-1-300x212.jpg\" alt=\"\" width=\"300\" height=\"212\" class=\"alignnone size-medium wp-image-12301\" srcset=\"https:\/\/minavykort.com\/vykort\/wp-content\/uploads\/2025\/10\/emteus-ge-41-1-300x212.jpg 300w, https:\/\/minavykort.com\/vykort\/wp-content\/uploads\/2025\/10\/emteus-ge-41-1-1024x724.jpg 1024w, https:\/\/minavykort.com\/vykort\/wp-content\/uploads\/2025\/10\/emteus-ge-41-1-768x543.jpg 768w, https:\/\/minavykort.com\/vykort\/wp-content\/uploads\/2025\/10\/emteus-ge-41-1.jpg 1165w\" sizes=\"auto, (max-width: 300px) 100vw, 300px\" \/><\/a><\/td><td class=\"column-4\"><\/td><td class=\"column-5\"><\/td>\n<\/tr>\n<tr class=\"row-10\">\n\t<td class=\"column-1\">GE-48<\/td><td class=\"column-2\">H\u00e4lsning fr\u00e5n Stockholm.<\/td><td class=\"column-3\"><a href=\"https:\/\/minavykort.com\/vykort\/wp-content\/uploads\/2025\/05\/emteus-ge-48.jpg\"><img loading=\"lazy\" decoding=\"async\" src=\"https:\/\/minavykort.com\/vykort\/wp-content\/uploads\/2025\/05\/emteus-ge-48-300x214.jpg\" alt=\"\" width=\"300\" height=\"214\" class=\"alignnone size-medium wp-image-10859\" srcset=\"https:\/\/minavykort.com\/vykort\/wp-content\/uploads\/2025\/05\/emteus-ge-48-300x214.jpg 300w, https:\/\/minavykort.com\/vykort\/wp-content\/uploads\/2025\/05\/emteus-ge-48-1024x731.jpg 1024w, https:\/\/minavykort.com\/vykort\/wp-content\/uploads\/2025\/05\/emteus-ge-48-768x548.jpg 768w, https:\/\/minavykort.com\/vykort\/wp-content\/uploads\/2025\/05\/emteus-ge-48.jpg 1149w\" sizes=\"auto, (max-width: 300px) 100vw, 300px\" \/><\/a><\/td><td class=\"column-4\"><\/td><td class=\"column-5\"><\/td>\n<\/tr>\n<tr class=\"row-11\">\n\t<td class=\"column-1\">GE-51<\/td><td class=\"column-2\">Stockholm, Norrmalmstorg<\/td><td class=\"column-3\"><a href=\"https:\/\/minavykort.com\/vykort\/wp-content\/uploads\/2025\/10\/emteus-ge-51-1.jpg\"><img loading=\"lazy\" decoding=\"async\" src=\"https:\/\/minavykort.com\/vykort\/wp-content\/uploads\/2025\/10\/emteus-ge-51-1-300x213.jpg\" alt=\"\" width=\"300\" height=\"213\" class=\"alignnone size-medium wp-image-12296\" srcset=\"https:\/\/minavykort.com\/vykort\/wp-content\/uploads\/2025\/10\/emteus-ge-51-1-300x213.jpg 300w, https:\/\/minavykort.com\/vykort\/wp-content\/uploads\/2025\/10\/emteus-ge-51-1-1024x726.jpg 1024w, https:\/\/minavykort.com\/vykort\/wp-content\/uploads\/2025\/10\/emteus-ge-51-1-768x545.jpg 768w, https:\/\/minavykort.com\/vykort\/wp-content\/uploads\/2025\/10\/emteus-ge-51-1.jpg 1162w\" sizes=\"auto, (max-width: 300px) 100vw, 300px\" \/><\/a><\/td><td class=\"column-4\"><\/td><td class=\"column-5\"><\/td>\n<\/tr>\n<\/tbody>\n<\/table>\n<!-- #tablepress-21 from cache -->\n<p><span class=\"relative -mx-px my-[-0.2rem] rounded px-px py-[0.2rem] transition-colors duration-100 ease-in-out\">G\u00f6te Emteus AB var ett svenskt vykortsf\u00f6rlag som var verksamt under 1900-talet, fr\u00e4mst k\u00e4nt f\u00f6r sina vykort med motiv fr\u00e5n Stockholm och andra svenska st\u00e4der.<\/span> <span class=\"relative -mx-px my-[-0.2rem] rounded px-px py-[0.2rem] transition-colors duration-100 ease-in-out\">F\u00f6retaget var aktivt under en period d\u00e5 vykort var ett popul\u00e4rt s\u00e4tt att skicka h\u00e4lsningar och dokumentera resor.<\/span><\/p>\n","protected":false},"excerpt":{"rendered":"<p>G\u00f6te Emteus AB var ett svenskt vykortsf\u00f6rlag som var verksamt under 1900-talet, fr\u00e4mst k\u00e4nt f\u00f6r sina vykort med motiv fr\u00e5n Stockholm och andra svenska st\u00e4der. F\u00f6retaget var aktivt under en period d\u00e5 vykort var ett popul\u00e4rt s\u00e4tt att skicka h\u00e4lsningar och dokumentera resor.<\/p>\n","protected":false},"author":1,"featured_media":0,"parent":9088,"menu_order":0,"comment_status":"closed","ping_status":"closed","template":"","meta":{"wikipediapreview_detectlinks":true,"site-container-style":"default","site-container-layout":"default","site-sidebar-layout":"default","site-transparent-header":"default","disable-article-header":"default","disable-site-header":"default","disable-site-footer":"default","disable-content-area-spacing":"default","ngg_post_thumbnail":0,"footnotes":""},"folder":[],"class_list":["post-10464","page","type-page","status-publish","hentry"],"_links":{"self":[{"href":"https:\/\/minavykort.com\/vykort\/wp-json\/wp\/v2\/pages\/10464","targetHints":{"allow":["GET"]}}],"collection":[{"href":"https:\/\/minavykort.com\/vykort\/wp-json\/wp\/v2\/pages"}],"about":[{"href":"https:\/\/minavykort.com\/vykort\/wp-json\/wp\/v2\/types\/page"}],"author":[{"embeddable":true,"href":"https:\/\/minavykort.com\/vykort\/wp-json\/wp\/v2\/users\/1"}],"replies":[{"embeddable":true,"href":"https:\/\/minavykort.com\/vykort\/wp-json\/wp\/v2\/comments?post=10464"}],"version-history":[{"count":4,"href":"https:\/\/minavykort.com\/vykort\/wp-json\/wp\/v2\/pages\/10464\/revisions"}],"predecessor-version":[{"id":11181,"href":"https:\/\/minavykort.com\/vykort\/wp-json\/wp\/v2\/pages\/10464\/revisions\/11181"}],"up":[{"embeddable":true,"href":"https:\/\/minavykort.com\/vykort\/wp-json\/wp\/v2\/pages\/9088"}],"wp:attachment":[{"href":"https:\/\/minavykort.com\/vykort\/wp-json\/wp\/v2\/media?parent=10464"}],"wp:term":[{"taxonomy":"folder","embeddable":true,"href":"https:\/\/minavykort.com\/vykort\/wp-json\/wp\/v2\/folder?post=10464"}],"curies":[{"name":"wp","href":"https:\/\/api.w.org\/{rel}","templated":true}]}}