{"id":10172,"date":"2025-04-20T10:49:23","date_gmt":"2025-04-20T10:49:23","guid":{"rendered":"https:\/\/minavykort.com\/vykort\/?page_id=10172"},"modified":"2025-05-10T21:33:49","modified_gmt":"2025-05-10T21:33:49","slug":"ring-grambolaget-linkoping","status":"publish","type":"page","link":"https:\/\/minavykort.com\/vykort\/referensmaterial\/ring-grambolaget-linkoping\/","title":{"rendered":"Ring-Grambolaget &#8211; Link\u00f6ping"},"content":{"rendered":"<p>&nbsp;<\/p>\n\n<table id=\"tablepress-19\" class=\"tablepress tablepress-id-19\">\n<thead>\n<tr class=\"row-1\">\n\t<th class=\"column-1\"><strong>Nummer<\/strong><\/th><th class=\"column-2\"><strong>Motiv<\/strong><\/th><th class=\"column-3\"><strong>Bild<\/strong><\/th><th class=\"column-4\"><strong>Kommentar<\/strong><\/th><th class=\"column-5\"><strong>Annat F\u00f6rlag<\/strong><\/th>\n<\/tr>\n<\/thead>\n<tbody class=\"row-striping row-hover\">\n<tr class=\"row-2\">\n\t<td class=\"column-1\">Onumrerat, egen numrering: (0000)<\/td><td class=\"column-2\">Norrk\u00f6ping, Folkets Hus.<\/td><td class=\"column-3\"><a href=\"https:\/\/minavykort.com\/vykort\/wp-content\/uploads\/2025\/04\/ring-gram-0000.jpg\"><img loading=\"lazy\" decoding=\"async\" src=\"https:\/\/minavykort.com\/vykort\/wp-content\/uploads\/2025\/04\/ring-gram-0000-300x211.jpg\" alt=\"\" width=\"300\" height=\"211\" class=\"alignnone size-medium wp-image-10217\" srcset=\"https:\/\/minavykort.com\/vykort\/wp-content\/uploads\/2025\/04\/ring-gram-0000-300x211.jpg 300w, https:\/\/minavykort.com\/vykort\/wp-content\/uploads\/2025\/04\/ring-gram-0000-1024x720.jpg 1024w, https:\/\/minavykort.com\/vykort\/wp-content\/uploads\/2025\/04\/ring-gram-0000-768x540.jpg 768w, https:\/\/minavykort.com\/vykort\/wp-content\/uploads\/2025\/04\/ring-gram-0000.jpg 1138w\" sizes=\"auto, (max-width: 300px) 100vw, 300px\" \/><\/a><\/td><td class=\"column-4\"><\/td><td class=\"column-5\">Ultraf\u00f6rlaget<\/td>\n<\/tr>\n<tr class=\"row-3\">\n\t<td class=\"column-1\">Onumrerat, egen numrering: (0001)<\/td><td class=\"column-2\">Link\u00f6ping, Tr\u00e4dg\u00e5rdsf\u00f6reningen.<\/td><td class=\"column-3\"><a href=\"https:\/\/minavykort.com\/vykort\/wp-content\/uploads\/2025\/04\/ring-gram-0001.jpg\"><img loading=\"lazy\" decoding=\"async\" src=\"https:\/\/minavykort.com\/vykort\/wp-content\/uploads\/2025\/04\/ring-gram-0001-300x211.jpg\" alt=\"\" width=\"300\" height=\"211\" class=\"alignnone size-medium wp-image-10218\" srcset=\"https:\/\/minavykort.com\/vykort\/wp-content\/uploads\/2025\/04\/ring-gram-0001-300x211.jpg 300w, https:\/\/minavykort.com\/vykort\/wp-content\/uploads\/2025\/04\/ring-gram-0001-1024x721.jpg 1024w, https:\/\/minavykort.com\/vykort\/wp-content\/uploads\/2025\/04\/ring-gram-0001-768x541.jpg 768w, https:\/\/minavykort.com\/vykort\/wp-content\/uploads\/2025\/04\/ring-gram-0001.jpg 1152w\" sizes=\"auto, (max-width: 300px) 100vw, 300px\" \/><\/a><\/td><td class=\"column-4\"><\/td><td class=\"column-5\">Ultraf\u00f6rlaget<\/td>\n<\/tr>\n<tr class=\"row-4\">\n\t<td class=\"column-1\">Onumrerat, egen numrering: (0002)<\/td><td class=\"column-2\">Norrk\u00f6pings hamn.<\/td><td class=\"column-3\"><a href=\"https:\/\/minavykort.com\/vykort\/wp-content\/uploads\/2025\/04\/ring-gram-0002.jpg\"><img loading=\"lazy\" decoding=\"async\" src=\"https:\/\/minavykort.com\/vykort\/wp-content\/uploads\/2025\/04\/ring-gram-0002-300x212.jpg\" alt=\"\" width=\"300\" height=\"212\" class=\"alignnone size-medium wp-image-10540\" srcset=\"https:\/\/minavykort.com\/vykort\/wp-content\/uploads\/2025\/04\/ring-gram-0002-300x212.jpg 300w, https:\/\/minavykort.com\/vykort\/wp-content\/uploads\/2025\/04\/ring-gram-0002-1024x725.jpg 1024w, https:\/\/minavykort.com\/vykort\/wp-content\/uploads\/2025\/04\/ring-gram-0002-768x544.jpg 768w, https:\/\/minavykort.com\/vykort\/wp-content\/uploads\/2025\/04\/ring-gram-0002.jpg 1133w\" sizes=\"auto, (max-width: 300px) 100vw, 300px\" \/><\/a><\/td><td class=\"column-4\"><\/td><td class=\"column-5\">Ultraf\u00f6rlaget<\/td>\n<\/tr>\n<tr class=\"row-5\">\n\t<td class=\"column-1\">Onumrerat, egen numrering: (0003)<\/td><td class=\"column-2\">Norrk\u00f6ping, Str\u00f6mparken<\/td><td class=\"column-3\"><a href=\"https:\/\/minavykort.com\/vykort\/wp-content\/uploads\/2025\/04\/ring-gram-0003.jpg\"><img loading=\"lazy\" decoding=\"async\" src=\"https:\/\/minavykort.com\/vykort\/wp-content\/uploads\/2025\/04\/ring-gram-0003-300x211.jpg\" alt=\"\" width=\"300\" height=\"211\" class=\"alignnone size-medium wp-image-10692\" srcset=\"https:\/\/minavykort.com\/vykort\/wp-content\/uploads\/2025\/04\/ring-gram-0003-300x211.jpg 300w, https:\/\/minavykort.com\/vykort\/wp-content\/uploads\/2025\/04\/ring-gram-0003-1024x720.jpg 1024w, https:\/\/minavykort.com\/vykort\/wp-content\/uploads\/2025\/04\/ring-gram-0003-768x540.jpg 768w, https:\/\/minavykort.com\/vykort\/wp-content\/uploads\/2025\/04\/ring-gram-0003.jpg 1138w\" sizes=\"auto, (max-width: 300px) 100vw, 300px\" \/><\/a><\/td><td class=\"column-4\"><\/td><td class=\"column-5\"><\/td>\n<\/tr>\n<tr class=\"row-6\">\n\t<td class=\"column-1\">Onumrerat, egen numrering: (0004)<\/td><td class=\"column-2\">Kisa, vy \u00f6ver.<\/td><td class=\"column-3\"><a href=\"https:\/\/minavykort.com\/vykort\/wp-content\/uploads\/2025\/05\/ring-gram-0004.jpg\"><img loading=\"lazy\" decoding=\"async\" src=\"https:\/\/minavykort.com\/vykort\/wp-content\/uploads\/2025\/05\/ring-gram-0004-300x190.jpg\" alt=\"\" width=\"300\" height=\"190\" class=\"alignnone size-medium wp-image-11685\" srcset=\"https:\/\/minavykort.com\/vykort\/wp-content\/uploads\/2025\/05\/ring-gram-0004-300x190.jpg 300w, https:\/\/minavykort.com\/vykort\/wp-content\/uploads\/2025\/05\/ring-gram-0004-1024x649.jpg 1024w, https:\/\/minavykort.com\/vykort\/wp-content\/uploads\/2025\/05\/ring-gram-0004-768x486.jpg 768w, https:\/\/minavykort.com\/vykort\/wp-content\/uploads\/2025\/05\/ring-gram-0004.jpg 1080w\" sizes=\"auto, (max-width: 300px) 100vw, 300px\" \/><\/a><\/td><td class=\"column-4\"><\/td><td class=\"column-5\">Ultraf\u00f6rlaget<\/td>\n<\/tr>\n<tr class=\"row-7\">\n\t<td class=\"column-1\">Onumrerat, egen numrering: (0005)<\/td><td class=\"column-2\">Motiv fr\u00e5n Br\u00e5viken.<\/td><td class=\"column-3\"><a href=\"https:\/\/minavykort.com\/vykort\/wp-content\/uploads\/2025\/06\/ring-gram-0005.jpg\"><img loading=\"lazy\" decoding=\"async\" src=\"https:\/\/minavykort.com\/vykort\/wp-content\/uploads\/2025\/06\/ring-gram-0005-300x192.jpg\" alt=\"\" width=\"300\" height=\"192\" class=\"alignnone size-medium wp-image-11766\" srcset=\"https:\/\/minavykort.com\/vykort\/wp-content\/uploads\/2025\/06\/ring-gram-0005-300x192.jpg 300w, https:\/\/minavykort.com\/vykort\/wp-content\/uploads\/2025\/06\/ring-gram-0005-1024x657.jpg 1024w, https:\/\/minavykort.com\/vykort\/wp-content\/uploads\/2025\/06\/ring-gram-0005-768x493.jpg 768w, https:\/\/minavykort.com\/vykort\/wp-content\/uploads\/2025\/06\/ring-gram-0005.jpg 1093w\" sizes=\"auto, (max-width: 300px) 100vw, 300px\" \/><\/a><\/td><td class=\"column-4\"><\/td><td class=\"column-5\">Ultraf\u00f6rlaget<\/td>\n<\/tr>\n<tr class=\"row-8\">\n\t<td class=\"column-1\">14<\/td><td class=\"column-2\">Link\u00f6ping. St\u00e5ng\u00e5n med Drottningbron.<\/td><td class=\"column-3\"><a href=\"https:\/\/minavykort.com\/vykort\/wp-content\/uploads\/2025\/05\/ring-gram-14.jpg\"><img loading=\"lazy\" decoding=\"async\" src=\"https:\/\/minavykort.com\/vykort\/wp-content\/uploads\/2025\/05\/ring-gram-14-300x197.jpg\" alt=\"\" width=\"300\" height=\"197\" class=\"alignnone size-medium wp-image-11684\" srcset=\"https:\/\/minavykort.com\/vykort\/wp-content\/uploads\/2025\/05\/ring-gram-14-300x197.jpg 300w, https:\/\/minavykort.com\/vykort\/wp-content\/uploads\/2025\/05\/ring-gram-14-1024x672.jpg 1024w, https:\/\/minavykort.com\/vykort\/wp-content\/uploads\/2025\/05\/ring-gram-14-768x504.jpg 768w, https:\/\/minavykort.com\/vykort\/wp-content\/uploads\/2025\/05\/ring-gram-14.jpg 1080w\" sizes=\"auto, (max-width: 300px) 100vw, 300px\" \/><\/a><\/td><td class=\"column-4\"><\/td><td class=\"column-5\">Ultraf\u00f6rlaget<\/td>\n<\/tr>\n<tr class=\"row-9\">\n\t<td class=\"column-1\">58<\/td><td class=\"column-2\">Link\u00f6ping, Videgatan.<\/td><td class=\"column-3\"><a href=\"https:\/\/minavykort.com\/vykort\/wp-content\/uploads\/2025\/04\/ring-gram-58.jpg\"><img loading=\"lazy\" decoding=\"async\" src=\"https:\/\/minavykort.com\/vykort\/wp-content\/uploads\/2025\/04\/ring-gram-58-300x195.jpg\" alt=\"\" width=\"300\" height=\"195\" class=\"alignnone size-medium wp-image-10693\" srcset=\"https:\/\/minavykort.com\/vykort\/wp-content\/uploads\/2025\/04\/ring-gram-58-300x195.jpg 300w, https:\/\/minavykort.com\/vykort\/wp-content\/uploads\/2025\/04\/ring-gram-58-1024x667.jpg 1024w, https:\/\/minavykort.com\/vykort\/wp-content\/uploads\/2025\/04\/ring-gram-58-768x500.jpg 768w, https:\/\/minavykort.com\/vykort\/wp-content\/uploads\/2025\/04\/ring-gram-58.jpg 1072w\" sizes=\"auto, (max-width: 300px) 100vw, 300px\" \/><\/a><\/td><td class=\"column-4\"><\/td><td class=\"column-5\"><\/td>\n<\/tr>\n<tr class=\"row-10\">\n\t<td class=\"column-1\">73\/1<\/td><td class=\"column-2\">Link\u00f6ping, Torghandel p\u00e5 Stora Torget<\/td><td class=\"column-3\"><a href=\"https:\/\/minavykort.com\/vykort\/wp-content\/uploads\/2025\/04\/ring-gram-73-1.jpg\"><img loading=\"lazy\" decoding=\"async\" src=\"https:\/\/minavykort.com\/vykort\/wp-content\/uploads\/2025\/04\/ring-gram-73-1-204x300.jpg\" alt=\"\" width=\"204\" height=\"300\" class=\"alignnone size-medium wp-image-10175\" srcset=\"https:\/\/minavykort.com\/vykort\/wp-content\/uploads\/2025\/04\/ring-gram-73-1-204x300.jpg 204w, https:\/\/minavykort.com\/vykort\/wp-content\/uploads\/2025\/04\/ring-gram-73-1-696x1024.jpg 696w, https:\/\/minavykort.com\/vykort\/wp-content\/uploads\/2025\/04\/ring-gram-73-1-768x1131.jpg 768w, https:\/\/minavykort.com\/vykort\/wp-content\/uploads\/2025\/04\/ring-gram-73-1.jpg 794w\" sizes=\"auto, (max-width: 204px) 100vw, 204px\" \/><\/a><\/td><td class=\"column-4\"><\/td><td class=\"column-5\">Ultraf\u00f6rlaget<\/td>\n<\/tr>\n<tr class=\"row-11\">\n\t<td class=\"column-1\">101<\/td><td class=\"column-2\">Norrk\u00f6ping: utsikt fr\u00e5n r\u00e5dhustornet med Strand restaurang i f\u00f6rgrunden.<\/td><td class=\"column-3\"><a href=\"https:\/\/minavykort.com\/vykort\/wp-content\/uploads\/2025\/04\/ring-gram-101.jpg\"><img loading=\"lazy\" decoding=\"async\" src=\"https:\/\/minavykort.com\/vykort\/wp-content\/uploads\/2025\/04\/ring-gram-101-300x209.jpg\" alt=\"\" width=\"300\" height=\"209\" class=\"alignnone size-medium wp-image-10541\" srcset=\"https:\/\/minavykort.com\/vykort\/wp-content\/uploads\/2025\/04\/ring-gram-101-300x209.jpg 300w, https:\/\/minavykort.com\/vykort\/wp-content\/uploads\/2025\/04\/ring-gram-101-1024x713.jpg 1024w, https:\/\/minavykort.com\/vykort\/wp-content\/uploads\/2025\/04\/ring-gram-101-768x535.jpg 768w, https:\/\/minavykort.com\/vykort\/wp-content\/uploads\/2025\/04\/ring-gram-101.jpg 1152w\" sizes=\"auto, (max-width: 300px) 100vw, 300px\" \/><\/a><\/td><td class=\"column-4\"><\/td><td class=\"column-5\"><\/td>\n<\/tr>\n<tr class=\"row-12\">\n\t<td class=\"column-1\">103<\/td><td class=\"column-2\">Gamla Link\u00f6ping, Baron von Lingens g\u00e5rd.<\/td><td class=\"column-3\"><a href=\"https:\/\/minavykort.com\/vykort\/wp-content\/uploads\/2025\/04\/ring-gram-103.jpg\"><img loading=\"lazy\" decoding=\"async\" src=\"https:\/\/minavykort.com\/vykort\/wp-content\/uploads\/2025\/04\/ring-gram-103-300x210.jpg\" alt=\"\" width=\"300\" height=\"210\" class=\"alignnone size-medium wp-image-10691\" srcset=\"https:\/\/minavykort.com\/vykort\/wp-content\/uploads\/2025\/04\/ring-gram-103-300x210.jpg 300w, https:\/\/minavykort.com\/vykort\/wp-content\/uploads\/2025\/04\/ring-gram-103-1024x717.jpg 1024w, https:\/\/minavykort.com\/vykort\/wp-content\/uploads\/2025\/04\/ring-gram-103-768x538.jpg 768w, https:\/\/minavykort.com\/vykort\/wp-content\/uploads\/2025\/04\/ring-gram-103.jpg 1138w\" sizes=\"auto, (max-width: 300px) 100vw, 300px\" \/><\/a><\/td><td class=\"column-4\"><\/td><td class=\"column-5\"><\/td>\n<\/tr>\n<tr class=\"row-13\">\n\t<td class=\"column-1\">703<\/td><td class=\"column-2\">Link\u00f6ping, Domkyrkan, flygvy<\/td><td class=\"column-3\"><a href=\"https:\/\/minavykort.com\/vykort\/wp-content\/uploads\/2025\/04\/ring-gram-703.jpg\"><img loading=\"lazy\" decoding=\"async\" src=\"https:\/\/minavykort.com\/vykort\/wp-content\/uploads\/2025\/04\/ring-gram-703-300x213.jpg\" alt=\"\" width=\"300\" height=\"213\" class=\"alignnone size-medium wp-image-10176\" srcset=\"https:\/\/minavykort.com\/vykort\/wp-content\/uploads\/2025\/04\/ring-gram-703-300x213.jpg 300w, https:\/\/minavykort.com\/vykort\/wp-content\/uploads\/2025\/04\/ring-gram-703-1024x726.jpg 1024w, https:\/\/minavykort.com\/vykort\/wp-content\/uploads\/2025\/04\/ring-gram-703-768x545.jpg 768w, https:\/\/minavykort.com\/vykort\/wp-content\/uploads\/2025\/04\/ring-gram-703.jpg 1152w\" sizes=\"auto, (max-width: 300px) 100vw, 300px\" \/><\/a><\/td><td class=\"column-4\"><\/td><td class=\"column-5\">Ultraf\u00f6rlaget<\/td>\n<\/tr>\n<tr class=\"row-14\">\n\t<td class=\"column-1\">803<\/td><td class=\"column-2\">Link\u00f6ping, Soldattorpet vid Ankdammen.<\/td><td class=\"column-3\"><a href=\"https:\/\/minavykort.com\/vykort\/wp-content\/uploads\/2025\/05\/ring-gram-803.jpg\"><img loading=\"lazy\" decoding=\"async\" src=\"https:\/\/minavykort.com\/vykort\/wp-content\/uploads\/2025\/05\/ring-gram-803-300x209.jpg\" alt=\"\" width=\"300\" height=\"209\" class=\"alignnone size-medium wp-image-11520\" srcset=\"https:\/\/minavykort.com\/vykort\/wp-content\/uploads\/2025\/05\/ring-gram-803-300x209.jpg 300w, https:\/\/minavykort.com\/vykort\/wp-content\/uploads\/2025\/05\/ring-gram-803-1024x714.jpg 1024w, https:\/\/minavykort.com\/vykort\/wp-content\/uploads\/2025\/05\/ring-gram-803-768x536.jpg 768w, https:\/\/minavykort.com\/vykort\/wp-content\/uploads\/2025\/05\/ring-gram-803.jpg 1154w\" sizes=\"auto, (max-width: 300px) 100vw, 300px\" \/><\/a><\/td><td class=\"column-4\"><\/td><td class=\"column-5\"><\/td>\n<\/tr>\n<tr class=\"row-15\">\n\t<td class=\"column-1\"><\/td><td class=\"column-2\"><\/td><td class=\"column-3\"><\/td><td class=\"column-4\"><\/td><td class=\"column-5\"><\/td>\n<\/tr>\n<\/tbody>\n<\/table>\n<!-- #tablepress-19 from cache -->\n","protected":false},"excerpt":{"rendered":"<p>&nbsp;<\/p>\n","protected":false},"author":1,"featured_media":0,"parent":9088,"menu_order":0,"comment_status":"closed","ping_status":"closed","template":"","meta":{"wikipediapreview_detectlinks":true,"site-container-style":"default","site-container-layout":"default","site-sidebar-layout":"default","site-transparent-header":"default","disable-article-header":"default","disable-site-header":"default","disable-site-footer":"default","disable-content-area-spacing":"default","ngg_post_thumbnail":0,"footnotes":""},"folder":[],"class_list":["post-10172","page","type-page","status-publish","hentry"],"_links":{"self":[{"href":"https:\/\/minavykort.com\/vykort\/wp-json\/wp\/v2\/pages\/10172","targetHints":{"allow":["GET"]}}],"collection":[{"href":"https:\/\/minavykort.com\/vykort\/wp-json\/wp\/v2\/pages"}],"about":[{"href":"https:\/\/minavykort.com\/vykort\/wp-json\/wp\/v2\/types\/page"}],"author":[{"embeddable":true,"href":"https:\/\/minavykort.com\/vykort\/wp-json\/wp\/v2\/users\/1"}],"replies":[{"embeddable":true,"href":"https:\/\/minavykort.com\/vykort\/wp-json\/wp\/v2\/comments?post=10172"}],"version-history":[{"count":1,"href":"https:\/\/minavykort.com\/vykort\/wp-json\/wp\/v2\/pages\/10172\/revisions"}],"predecessor-version":[{"id":10173,"href":"https:\/\/minavykort.com\/vykort\/wp-json\/wp\/v2\/pages\/10172\/revisions\/10173"}],"up":[{"embeddable":true,"href":"https:\/\/minavykort.com\/vykort\/wp-json\/wp\/v2\/pages\/9088"}],"wp:attachment":[{"href":"https:\/\/minavykort.com\/vykort\/wp-json\/wp\/v2\/media?parent=10172"}],"wp:term":[{"taxonomy":"folder","embeddable":true,"href":"https:\/\/minavykort.com\/vykort\/wp-json\/wp\/v2\/folder?post=10172"}],"curies":[{"name":"wp","href":"https:\/\/api.w.org\/{rel}","templated":true}]}}