{"id":10170,"date":"2025-04-20T10:48:42","date_gmt":"2025-04-20T10:48:42","guid":{"rendered":"https:\/\/minavykort.com\/vykort\/?page_id=10170"},"modified":"2025-05-10T20:51:29","modified_gmt":"2025-05-10T20:51:29","slug":"ehrlings-vyer-stockholm","status":"publish","type":"page","link":"https:\/\/minavykort.com\/vykort\/referensmaterial\/ehrlings-vyer-stockholm\/","title":{"rendered":"Ehrlings Vyer &#8211; Stockholm"},"content":{"rendered":"<p>&nbsp;<\/p>\n\n<table id=\"tablepress-18\" class=\"tablepress tablepress-id-18\">\n<thead>\n<tr class=\"row-1\">\n\t<th class=\"column-1\"><strong>Nummer<\/strong><\/th><th class=\"column-2\"><strong>Motiv<\/strong><\/th><th class=\"column-3\"><strong>Bild<\/strong><\/th><th class=\"column-4\"><strong>Kommentar<\/strong><\/th><th class=\"column-5\"><strong>Annat F\u00f6rlag<\/strong><\/th>\n<\/tr>\n<\/thead>\n<tbody class=\"row-striping row-hover\">\n<tr class=\"row-2\">\n\t<td class=\"column-1\">0000 (Onumrerad)<\/td><td class=\"column-2\">Stockholm: Storkyrkan, interi\u00f6r.<\/td><td class=\"column-3\"><a href=\"https:\/\/minavykort.com\/vykort\/wp-content\/uploads\/2025\/04\/ehrlings-0000.jpg\"><img loading=\"lazy\" decoding=\"async\" src=\"https:\/\/minavykort.com\/vykort\/wp-content\/uploads\/2025\/04\/ehrlings-0000-300x215.jpg\" alt=\"\" width=\"300\" height=\"215\" class=\"alignnone size-medium wp-image-10350\" srcset=\"https:\/\/minavykort.com\/vykort\/wp-content\/uploads\/2025\/04\/ehrlings-0000-300x215.jpg 300w, https:\/\/minavykort.com\/vykort\/wp-content\/uploads\/2025\/04\/ehrlings-0000-1024x734.jpg 1024w, https:\/\/minavykort.com\/vykort\/wp-content\/uploads\/2025\/04\/ehrlings-0000-768x551.jpg 768w, https:\/\/minavykort.com\/vykort\/wp-content\/uploads\/2025\/04\/ehrlings-0000.jpg 1152w\" sizes=\"auto, (max-width: 300px) 100vw, 300px\" \/><\/a><\/td><td class=\"column-4\"><\/td><td class=\"column-5\">Storkyrkoboden.<\/td>\n<\/tr>\n<tr class=\"row-3\">\n\t<td class=\"column-1\">3 A<\/td><td class=\"column-2\">Stockholm, Kungliga Slottet.<\/td><td class=\"column-3\"><a href=\"https:\/\/minavykort.com\/vykort\/wp-content\/uploads\/2025\/05\/ehrlings-3-a.jpg\"><img loading=\"lazy\" decoding=\"async\" src=\"https:\/\/minavykort.com\/vykort\/wp-content\/uploads\/2025\/05\/ehrlings-3-a-300x217.jpg\" alt=\"\" width=\"300\" height=\"217\" class=\"alignnone size-medium wp-image-11217\" srcset=\"https:\/\/minavykort.com\/vykort\/wp-content\/uploads\/2025\/05\/ehrlings-3-a-300x217.jpg 300w, https:\/\/minavykort.com\/vykort\/wp-content\/uploads\/2025\/05\/ehrlings-3-a-1024x740.jpg 1024w, https:\/\/minavykort.com\/vykort\/wp-content\/uploads\/2025\/05\/ehrlings-3-a-768x555.jpg 768w, https:\/\/minavykort.com\/vykort\/wp-content\/uploads\/2025\/05\/ehrlings-3-a.jpg 1152w\" sizes=\"auto, (max-width: 300px) 100vw, 300px\" \/><\/a><\/td><td class=\"column-4\"><\/td><td class=\"column-5\"><\/td>\n<\/tr>\n<tr class=\"row-4\">\n\t<td class=\"column-1\">44<\/td><td class=\"column-2\">Stockholm: Stortorget i Galma Stan<\/td><td class=\"column-3\"><a href=\"https:\/\/minavykort.com\/vykort\/wp-content\/uploads\/2025\/04\/ehrlings-44.jpg\"><img loading=\"lazy\" decoding=\"async\" src=\"https:\/\/minavykort.com\/vykort\/wp-content\/uploads\/2025\/04\/ehrlings-44-300x212.jpg\" alt=\"\" width=\"300\" height=\"212\" class=\"alignnone size-medium wp-image-10347\" srcset=\"https:\/\/minavykort.com\/vykort\/wp-content\/uploads\/2025\/04\/ehrlings-44-300x212.jpg 300w, https:\/\/minavykort.com\/vykort\/wp-content\/uploads\/2025\/04\/ehrlings-44-1024x724.jpg 1024w, https:\/\/minavykort.com\/vykort\/wp-content\/uploads\/2025\/04\/ehrlings-44-768x543.jpg 768w, https:\/\/minavykort.com\/vykort\/wp-content\/uploads\/2025\/04\/ehrlings-44.jpg 1165w\" sizes=\"auto, (max-width: 300px) 100vw, 300px\" \/><\/a><\/td><td class=\"column-4\"><\/td><td class=\"column-5\"><\/td>\n<\/tr>\n<tr class=\"row-5\">\n\t<td class=\"column-1\">44 a<\/td><td class=\"column-2\">Stockholm: Stortorget i Galma Stan<\/td><td class=\"column-3\"><a href=\"https:\/\/minavykort.com\/vykort\/wp-content\/uploads\/2025\/05\/ehrlings-44-a.jpg\"><img loading=\"lazy\" decoding=\"async\" src=\"https:\/\/minavykort.com\/vykort\/wp-content\/uploads\/2025\/05\/ehrlings-44-a-300x215.jpg\" alt=\"\" width=\"300\" height=\"215\" class=\"alignnone size-medium wp-image-11218\" srcset=\"https:\/\/minavykort.com\/vykort\/wp-content\/uploads\/2025\/05\/ehrlings-44-a-300x215.jpg 300w, https:\/\/minavykort.com\/vykort\/wp-content\/uploads\/2025\/05\/ehrlings-44-a-1024x734.jpg 1024w, https:\/\/minavykort.com\/vykort\/wp-content\/uploads\/2025\/05\/ehrlings-44-a-768x551.jpg 768w, https:\/\/minavykort.com\/vykort\/wp-content\/uploads\/2025\/05\/ehrlings-44-a.jpg 1146w\" sizes=\"auto, (max-width: 300px) 100vw, 300px\" \/><\/a><\/td><td class=\"column-4\"><\/td><td class=\"column-5\"><\/td>\n<\/tr>\n<tr class=\"row-6\">\n\t<td class=\"column-1\">49<\/td><td class=\"column-2\">Stockholm: Kungstr\u00e4dg\u00e5rden.<\/td><td class=\"column-3\"><a href=\"https:\/\/minavykort.com\/vykort\/wp-content\/uploads\/2025\/04\/ehrlings-49.jpg\"><img loading=\"lazy\" decoding=\"async\" src=\"https:\/\/minavykort.com\/vykort\/wp-content\/uploads\/2025\/04\/ehrlings-49-300x214.jpg\" alt=\"\" width=\"300\" height=\"214\" class=\"alignnone size-medium wp-image-10348\" srcset=\"https:\/\/minavykort.com\/vykort\/wp-content\/uploads\/2025\/04\/ehrlings-49-300x214.jpg 300w, https:\/\/minavykort.com\/vykort\/wp-content\/uploads\/2025\/04\/ehrlings-49-1024x731.jpg 1024w, https:\/\/minavykort.com\/vykort\/wp-content\/uploads\/2025\/04\/ehrlings-49-768x548.jpg 768w, https:\/\/minavykort.com\/vykort\/wp-content\/uploads\/2025\/04\/ehrlings-49.jpg 1146w\" sizes=\"auto, (max-width: 300px) 100vw, 300px\" \/><\/a><\/td><td class=\"column-4\"><\/td><td class=\"column-5\"><\/td>\n<\/tr>\n<tr class=\"row-7\">\n\t<td class=\"column-1\">51<\/td><td class=\"column-2\">Stockholm, Riddarholmskyrkan<\/td><td class=\"column-3\"><a href=\"https:\/\/minavykort.com\/vykort\/wp-content\/uploads\/2025\/04\/ehrlings-51.jpg\"><img loading=\"lazy\" decoding=\"async\" src=\"https:\/\/minavykort.com\/vykort\/wp-content\/uploads\/2025\/04\/ehrlings-51-300x213.jpg\" alt=\"\" width=\"300\" height=\"213\" class=\"alignnone size-medium wp-image-10168\" srcset=\"https:\/\/minavykort.com\/vykort\/wp-content\/uploads\/2025\/04\/ehrlings-51-300x213.jpg 300w, https:\/\/minavykort.com\/vykort\/wp-content\/uploads\/2025\/04\/ehrlings-51-1024x726.jpg 1024w, https:\/\/minavykort.com\/vykort\/wp-content\/uploads\/2025\/04\/ehrlings-51-768x545.jpg 768w, https:\/\/minavykort.com\/vykort\/wp-content\/uploads\/2025\/04\/ehrlings-51.jpg 1146w\" sizes=\"auto, (max-width: 300px) 100vw, 300px\" \/><\/a><\/td><td class=\"column-4\"><\/td><td class=\"column-5\"><\/td>\n<\/tr>\n<tr class=\"row-8\">\n\t<td class=\"column-1\">54<\/td><td class=\"column-2\">Stockholm, Kakn\u00e4stornet med Kungens f\u00e5r.<\/td><td class=\"column-3\"><a href=\"https:\/\/minavykort.com\/vykort\/wp-content\/uploads\/2025\/05\/ehrlings-54.jpg\"><img loading=\"lazy\" decoding=\"async\" src=\"https:\/\/minavykort.com\/vykort\/wp-content\/uploads\/2025\/05\/ehrlings-54-210x300.jpg\" alt=\"\" width=\"210\" height=\"300\" class=\"alignnone size-medium wp-image-11524\" srcset=\"https:\/\/minavykort.com\/vykort\/wp-content\/uploads\/2025\/05\/ehrlings-54-210x300.jpg 210w, https:\/\/minavykort.com\/vykort\/wp-content\/uploads\/2025\/05\/ehrlings-54-718x1024.jpg 718w, https:\/\/minavykort.com\/vykort\/wp-content\/uploads\/2025\/05\/ehrlings-54-768x1096.jpg 768w, https:\/\/minavykort.com\/vykort\/wp-content\/uploads\/2025\/05\/ehrlings-54.jpg 810w\" sizes=\"auto, (max-width: 210px) 100vw, 210px\" \/><\/a><\/td><td class=\"column-4\"><\/td><td class=\"column-5\"><\/td>\n<\/tr>\n<tr class=\"row-9\">\n\t<td class=\"column-1\">59<\/td><td class=\"column-2\">Stockholm, Gamla stan, M\u00e5rten Trotzigs gr\u00e4nd.<\/td><td class=\"column-3\"><a href=\"https:\/\/minavykort.com\/vykort\/wp-content\/uploads\/2025\/05\/ehrlings-59.jpg\"><img loading=\"lazy\" decoding=\"async\" src=\"https:\/\/minavykort.com\/vykort\/wp-content\/uploads\/2025\/05\/ehrlings-59-210x300.jpg\" alt=\"\" width=\"210\" height=\"300\" class=\"alignnone size-medium wp-image-11216\" srcset=\"https:\/\/minavykort.com\/vykort\/wp-content\/uploads\/2025\/05\/ehrlings-59-210x300.jpg 210w, https:\/\/minavykort.com\/vykort\/wp-content\/uploads\/2025\/05\/ehrlings-59-718x1024.jpg 718w, https:\/\/minavykort.com\/vykort\/wp-content\/uploads\/2025\/05\/ehrlings-59-768x1095.jpg 768w, https:\/\/minavykort.com\/vykort\/wp-content\/uploads\/2025\/05\/ehrlings-59.jpg 810w\" sizes=\"auto, (max-width: 210px) 100vw, 210px\" \/><\/a><\/td><td class=\"column-4\"><\/td><td class=\"column-5\"><\/td>\n<\/tr>\n<tr class=\"row-10\">\n\t<td class=\"column-1\">63<\/td><td class=\"column-2\">Stockholm, Millesg\u00e5rden, Liding\u00f6. Folke Filbyter av Carl Milles.<\/td><td class=\"column-3\"><a href=\"https:\/\/minavykort.com\/vykort\/wp-content\/uploads\/2025\/04\/ehrlings-63.jpg\"><img loading=\"lazy\" decoding=\"async\" src=\"https:\/\/minavykort.com\/vykort\/wp-content\/uploads\/2025\/04\/ehrlings-63-210x300.jpg\" alt=\"\" width=\"210\" height=\"300\" class=\"alignnone size-medium wp-image-10349\" srcset=\"https:\/\/minavykort.com\/vykort\/wp-content\/uploads\/2025\/04\/ehrlings-63-210x300.jpg 210w, https:\/\/minavykort.com\/vykort\/wp-content\/uploads\/2025\/04\/ehrlings-63-716x1024.jpg 716w, https:\/\/minavykort.com\/vykort\/wp-content\/uploads\/2025\/04\/ehrlings-63-768x1099.jpg 768w, https:\/\/minavykort.com\/vykort\/wp-content\/uploads\/2025\/04\/ehrlings-63.jpg 813w\" sizes=\"auto, (max-width: 210px) 100vw, 210px\" \/><\/a><\/td><td class=\"column-4\"><\/td><td class=\"column-5\"><\/td>\n<\/tr>\n<tr class=\"row-11\">\n\t<td class=\"column-1\">65<\/td><td class=\"column-2\">Stockholm, Sergels Torg med Obelisk.<\/td><td class=\"column-3\"><a href=\"https:\/\/minavykort.com\/vykort\/wp-content\/uploads\/2025\/10\/ehrlings-65.jpg\"><img loading=\"lazy\" decoding=\"async\" src=\"https:\/\/minavykort.com\/vykort\/wp-content\/uploads\/2025\/10\/ehrlings-65-300x215.jpg\" alt=\"\" width=\"300\" height=\"215\" class=\"alignnone size-medium wp-image-12303\" srcset=\"https:\/\/minavykort.com\/vykort\/wp-content\/uploads\/2025\/10\/ehrlings-65-300x215.jpg 300w, https:\/\/minavykort.com\/vykort\/wp-content\/uploads\/2025\/10\/ehrlings-65-1024x734.jpg 1024w, https:\/\/minavykort.com\/vykort\/wp-content\/uploads\/2025\/10\/ehrlings-65-768x551.jpg 768w, https:\/\/minavykort.com\/vykort\/wp-content\/uploads\/2025\/10\/ehrlings-65.jpg 1152w\" sizes=\"auto, (max-width: 300px) 100vw, 300px\" \/><\/a><\/td><td class=\"column-4\"><\/td><td class=\"column-5\"><\/td>\n<\/tr>\n<tr class=\"row-12\">\n\t<td class=\"column-1\">102<\/td><td class=\"column-2\">Stockholm, en f\u00f6rtrollad kv\u00e4ll.<\/td><td class=\"column-3\"><a href=\"https:\/\/minavykort.com\/vykort\/wp-content\/uploads\/2025\/05\/erlings-102.jpg\"><img loading=\"lazy\" decoding=\"async\" src=\"https:\/\/minavykort.com\/vykort\/wp-content\/uploads\/2025\/05\/erlings-102-300x213.jpg\" alt=\"\" width=\"300\" height=\"213\" class=\"alignnone size-medium wp-image-10916\" srcset=\"https:\/\/minavykort.com\/vykort\/wp-content\/uploads\/2025\/05\/erlings-102-300x213.jpg 300w, https:\/\/minavykort.com\/vykort\/wp-content\/uploads\/2025\/05\/erlings-102-1024x726.jpg 1024w, https:\/\/minavykort.com\/vykort\/wp-content\/uploads\/2025\/05\/erlings-102-768x545.jpg 768w, https:\/\/minavykort.com\/vykort\/wp-content\/uploads\/2025\/05\/erlings-102.jpg 1149w\" sizes=\"auto, (max-width: 300px) 100vw, 300px\" \/><\/a><\/td><td class=\"column-4\"><\/td><td class=\"column-5\"><\/td>\n<\/tr>\n<\/tbody>\n<\/table>\n<!-- #tablepress-18 from cache -->\n<p>&nbsp;<\/p>\n<p><span class=\"relative -mx-px my-[-0.2rem] rounded px-px py-[0.2rem] transition-colors duration-100 ease-in-out\">Ehrlings Vyer var ett svenskt vykortsf\u00f6rlag baserat i Stockholm, aktivt under 1900-talet.<\/span> <span class=\"relative -mx-px my-[-0.2rem] rounded px-px py-[0.2rem] transition-colors duration-100 ease-in-out\">F\u00f6rlaget specialiserade sig p\u00e5 att producera vykort med motiv fr\u00e5n Stockholm och andra delar av Sverige.<\/span> <span class=\"relative -mx-px my-[-0.2rem] rounded px-px py-[0.2rem] transition-colors duration-100 ease-in-out\">Bland deras utgivna kort finns exempelvis bilder av Storkyrkan, Stortorget i Gamla stan, Kungstr\u00e4dg\u00e5rden, Riddarholmskyrkan och Millesg\u00e5rden p\u00e5 Liding\u00f6.<\/span><\/p>\n<p>&nbsp;<\/p>\n","protected":false},"excerpt":{"rendered":"<p>&nbsp; &nbsp; Ehrlings Vyer var ett svenskt vykortsf\u00f6rlag baserat i Stockholm, aktivt under 1900-talet. F\u00f6rlaget specialiserade sig p\u00e5 att producera vykort med motiv fr\u00e5n Stockholm och andra delar av Sverige. Bland deras utgivna kort finns exempelvis bilder av Storkyrkan, Stortorget i Gamla stan, Kungstr\u00e4dg\u00e5rden, Riddarholmskyrkan och Millesg\u00e5rden p\u00e5 Liding\u00f6. &nbsp;<\/p>\n","protected":false},"author":1,"featured_media":0,"parent":9088,"menu_order":0,"comment_status":"closed","ping_status":"closed","template":"","meta":{"wikipediapreview_detectlinks":true,"site-container-style":"default","site-container-layout":"default","site-sidebar-layout":"default","site-transparent-header":"default","disable-article-header":"default","disable-site-header":"default","disable-site-footer":"default","disable-content-area-spacing":"default","ngg_post_thumbnail":0,"footnotes":""},"folder":[],"class_list":["post-10170","page","type-page","status-publish","hentry"],"_links":{"self":[{"href":"https:\/\/minavykort.com\/vykort\/wp-json\/wp\/v2\/pages\/10170","targetHints":{"allow":["GET"]}}],"collection":[{"href":"https:\/\/minavykort.com\/vykort\/wp-json\/wp\/v2\/pages"}],"about":[{"href":"https:\/\/minavykort.com\/vykort\/wp-json\/wp\/v2\/types\/page"}],"author":[{"embeddable":true,"href":"https:\/\/minavykort.com\/vykort\/wp-json\/wp\/v2\/users\/1"}],"replies":[{"embeddable":true,"href":"https:\/\/minavykort.com\/vykort\/wp-json\/wp\/v2\/comments?post=10170"}],"version-history":[{"count":3,"href":"https:\/\/minavykort.com\/vykort\/wp-json\/wp\/v2\/pages\/10170\/revisions"}],"predecessor-version":[{"id":11175,"href":"https:\/\/minavykort.com\/vykort\/wp-json\/wp\/v2\/pages\/10170\/revisions\/11175"}],"up":[{"embeddable":true,"href":"https:\/\/minavykort.com\/vykort\/wp-json\/wp\/v2\/pages\/9088"}],"wp:attachment":[{"href":"https:\/\/minavykort.com\/vykort\/wp-json\/wp\/v2\/media?parent=10170"}],"wp:term":[{"taxonomy":"folder","embeddable":true,"href":"https:\/\/minavykort.com\/vykort\/wp-json\/wp\/v2\/folder?post=10170"}],"curies":[{"name":"wp","href":"https:\/\/api.w.org\/{rel}","templated":true}]}}